{"id":704,"date":"2021-04-26T08:00:36","date_gmt":"2021-04-26T11:00:36","guid":{"rendered":"https:\/\/dauridiogo.com\/e\/index.php\/percepcao-do-mundo\/"},"modified":"2022-04-11T20:53:21","modified_gmt":"2022-04-11T23:53:21","slug":"perception-of-the-world","status":"publish","type":"page","link":"https:\/\/dauridiogo.com\/e\/perception-of-the-world\/","title":{"rendered":"Perception of the World"},"content":{"rendered":"\t\t<div data-elementor-type=\"wp-page\" data-elementor-id=\"704\" class=\"elementor elementor-704\">\n\t\t\t\t\t\t<section class=\"elementor-section elementor-top-section elementor-element elementor-element-9712128 elementor-section-boxed elementor-section-height-default elementor-section-height-default\" data-id=\"9712128\" data-element_type=\"section\" data-e-type=\"section\">\n\t\t\t\t\t\t<div class=\"elementor-container elementor-column-gap-default\">\n\t\t\t\t\t<div class=\"elementor-column elementor-col-100 elementor-top-column elementor-element elementor-element-f3b5ba8\" data-id=\"f3b5ba8\" data-element_type=\"column\" data-e-type=\"column\">\n\t\t\t<div class=\"elementor-widget-wrap elementor-element-populated\">\n\t\t\t\t\t\t<div class=\"elementor-element elementor-element-5352446 elementor-widget elementor-widget-heading\" data-id=\"5352446\" data-element_type=\"widget\" data-e-type=\"widget\" data-widget_type=\"heading.default\">\n\t\t\t\t<div class=\"elementor-widget-container\">\n\t\t\t\t\t<h2 class=\"elementor-heading-title elementor-size-default\">Perception of the World<\/h2>\t\t\t\t<\/div>\n\t\t\t\t<\/div>\n\t\t\t\t\t<\/div>\n\t\t<\/div>\n\t\t\t\t\t<\/div>\n\t\t<\/section>\n\t\t\t\t<section class=\"elementor-section elementor-top-section elementor-element elementor-element-812bb51 elementor-section-boxed elementor-section-height-default elementor-section-height-default\" data-id=\"812bb51\" data-element_type=\"section\" data-e-type=\"section\">\n\t\t\t\t\t\t<div class=\"elementor-container elementor-column-gap-default\">\n\t\t\t\t\t<div class=\"elementor-column elementor-col-100 elementor-top-column elementor-element elementor-element-4b49457\" data-id=\"4b49457\" data-element_type=\"column\" data-e-type=\"column\">\n\t\t\t<div class=\"elementor-widget-wrap elementor-element-populated\">\n\t\t\t\t\t\t<div class=\"elementor-element elementor-element-e7803e5 elementor-widget elementor-widget-text-editor\" data-id=\"e7803e5\" data-element_type=\"widget\" data-e-type=\"widget\" data-widget_type=\"text-editor.default\">\n\t\t\t\t<div class=\"elementor-widget-container\">\n\t\t\t\t\t\t\t\t\t<h3>Art is the communion of man with himself and, in consequence, with the other.<\/h3><h3>(Dauri Diogo)<\/h3>\t\t\t\t\t\t\t\t<\/div>\n\t\t\t\t<\/div>\n\t\t\t\t\t<\/div>\n\t\t<\/div>\n\t\t\t\t\t<\/div>\n\t\t<\/section>\n\t\t\t\t<section class=\"elementor-section elementor-top-section elementor-element elementor-element-bc8a2e2 elementor-section-boxed elementor-section-height-default elementor-section-height-default\" data-id=\"bc8a2e2\" data-element_type=\"section\" data-e-type=\"section\">\n\t\t\t\t\t\t<div class=\"elementor-container elementor-column-gap-default\">\n\t\t\t\t\t<div class=\"elementor-column elementor-col-100 elementor-top-column elementor-element elementor-element-59e945a\" data-id=\"59e945a\" data-element_type=\"column\" data-e-type=\"column\">\n\t\t\t<div class=\"elementor-widget-wrap elementor-element-populated\">\n\t\t\t\t\t\t<div class=\"elementor-element elementor-element-21bb458 elementor-widget elementor-widget-text-editor\" data-id=\"21bb458\" data-element_type=\"widget\" data-e-type=\"widget\" data-widget_type=\"text-editor.default\">\n\t\t\t\t<div class=\"elementor-widget-container\">\n\t\t\t\t\t\t\t\t\t<h3><span style=\"color: var(--ast-global-color-2); font-size: 1.33333rem; font-style: inherit; background-color: var(--ast-global-color-4);\">Art is the way artist has to reveal his experience with sensibility for intellectual pleasure, and to transmit his artistic and living experiences to posterity.<\/span><\/h3><h4>The artist sees the world in a wide and unlimited way, revealing it with a playful and critical way for intellectual growth and social well-being.<\/h4><h4>Art is immortal, that\u2019s why we will have all the time for what we intend to do. It\u2019s like a good wine and its taster, or better, it has something like time and its consistence. Because, as this conscience wakes up, a much more critical point of view grows and, mainly, a much more critical quality grows together.<\/h4><h4>My work\u2019s great impact is to induce man to look for his auto-analysis ith the conscience of the necessity of touching life\u2019s essence. Just like my geometric figures do \u2013 almost all of them with their heads out of their bodies, threw out somewhere at the side of the screen. These figures also reach life\u2019s essence through meditation in the center of screen.<\/h4><h4>In arts, where there\u2019s a will, there\u2019s a way, because through an instrument of art we can do what can\u2019t be done and we can change the impractical things into reality. It\u2019s like giving wings to whom they are not expected to belong. That\u2019s why my work of art is not another technical way I have to express feelings in shapes and colors. It\u2019s my life itself. It\u2019s the lasting glass of wine we drink to happiness. It\u2019s colors of the place I have for creation and the creature I\u2019m supposed to bring up.<\/h4><h4>My wish is to see humankind drinking of this glass, that is the glass from life, from comprehension and from valorization of quality in art and changing itself into the ideal public to the artist, sharing the same necessities of knowledge, insight and assimilation of the works of art in a critical way.<\/h4>\t\t\t\t\t\t\t\t<\/div>\n\t\t\t\t<\/div>\n\t\t\t\t\t<\/div>\n\t\t<\/div>\n\t\t\t\t\t<\/div>\n\t\t<\/section>\n\t\t\t\t<\/div>\n\t\t","protected":false},"excerpt":{"rendered":"<p>Perception of the World Art is the communion of man with himself and, in consequence, with the other. (Dauri Diogo) Art is the way artist has to reveal his experience with sensibility for intellectual pleasure, and to transmit his artistic and living experiences to posterity. The artist sees the world in a wide and unlimited [&hellip;]<\/p>\n","protected":false},"author":1,"featured_media":0,"parent":0,"menu_order":0,"comment_status":"closed","ping_status":"closed","template":"","meta":{"om_disable_all_campaigns":false,"_monsterinsights_skip_tracking":false,"_monsterinsights_sitenote_active":false,"_monsterinsights_sitenote_note":"","_monsterinsights_sitenote_category":0,"_uf_show_specific_survey":0,"_uf_disable_surveys":false,"site-sidebar-layout":"no-sidebar","site-content-layout":"page-builder","ast-site-content-layout":"default","site-content-style":"default","site-sidebar-style":"default","ast-global-header-display":"","ast-banner-title-visibility":"","ast-main-header-display":"","ast-hfb-above-header-display":"","ast-hfb-below-header-display":"","ast-hfb-mobile-header-display":"","site-post-title":"disabled","ast-breadcrumbs-content":"","ast-featured-img":"disabled","footer-sml-layout":"","ast-disable-related-posts":"","theme-transparent-header-meta":"default","adv-header-id-meta":"","stick-header-meta":"","header-above-stick-meta":"","header-main-stick-meta":"","header-below-stick-meta":"","astra-migrate-meta-layouts":"default","ast-page-background-enabled":"default","ast-page-background-meta":{"desktop":{"background-color":"","background-image":"","background-repeat":"repeat","background-position":"center center","background-size":"auto","background-attachment":"scroll","background-type":"","background-media":"","overlay-type":"","overlay-color":"","overlay-opacity":"","overlay-gradient":""},"tablet":{"background-color":"","background-image":"","background-repeat":"repeat","background-position":"center center","background-size":"auto","background-attachment":"scroll","background-type":"","background-media":"","overlay-type":"","overlay-color":"","overlay-opacity":"","overlay-gradient":""},"mobile":{"background-color":"","background-image":"","background-repeat":"repeat","background-position":"center center","background-size":"auto","background-attachment":"scroll","background-type":"","background-media":"","overlay-type":"","overlay-color":"","overlay-opacity":"","overlay-gradient":""}},"ast-content-background-meta":{"desktop":{"background-color":"var(--ast-global-color-5)","background-image":"","background-repeat":"repeat","background-position":"center center","background-size":"auto","background-attachment":"scroll","background-type":"","background-media":"","overlay-type":"","overlay-color":"","overlay-opacity":"","overlay-gradient":""},"tablet":{"background-color":"var(--ast-global-color-5)","background-image":"","background-repeat":"repeat","background-position":"center center","background-size":"auto","background-attachment":"scroll","background-type":"","background-media":"","overlay-type":"","overlay-color":"","overlay-opacity":"","overlay-gradient":""},"mobile":{"background-color":"var(--ast-global-color-5)","background-image":"","background-repeat":"repeat","background-position":"center center","background-size":"auto","background-attachment":"scroll","background-type":"","background-media":"","overlay-type":"","overlay-color":"","overlay-opacity":"","overlay-gradient":""}},"footnotes":""},"class_list":["post-704","page","type-page","status-publish","hentry"],"yoast_head":"<!-- This site is optimized with the Yoast SEO plugin v27.3 - https:\/\/yoast.com\/product\/yoast-seo-wordpress\/ -->\n<title>Perception of the World - Dauri Diogo<\/title>\n<meta name=\"description\" content=\"Percep\u00e7\u00e3o do mundo do artista pl\u00e1stico Dauri Diogo, uma vis\u00e3o art\u00edstica contempor\u00e2nea sobre a vida e a arte.\" \/>\n<meta name=\"robots\" content=\"index, follow, max-snippet:-1, max-image-preview:large, max-video-preview:-1\" \/>\n<link rel=\"canonical\" href=\"https:\/\/dauridiogo.com\/e\/perception-of-the-world\/\" \/>\n<meta property=\"og:locale\" content=\"pt_BR\" \/>\n<meta property=\"og:type\" content=\"article\" \/>\n<meta property=\"og:title\" content=\"Perception of the World - Dauri Diogo\" \/>\n<meta property=\"og:description\" content=\"Percep\u00e7\u00e3o do mundo do artista pl\u00e1stico Dauri Diogo, uma vis\u00e3o art\u00edstica contempor\u00e2nea sobre a vida e a arte.\" \/>\n<meta property=\"og:url\" content=\"https:\/\/dauridiogo.com\/e\/perception-of-the-world\/\" \/>\n<meta property=\"og:site_name\" content=\"Dauri Diogo\" \/>\n<meta property=\"article:modified_time\" content=\"2022-04-11T23:53:21+00:00\" \/>\n<meta name=\"twitter:card\" content=\"summary_large_image\" \/>\n<meta name=\"twitter:label1\" content=\"Est. tempo de leitura\" \/>\n\t<meta name=\"twitter:data1\" content=\"2 minutos\" \/>\n<script type=\"application\/ld+json\" class=\"yoast-schema-graph\">{\"@context\":\"https:\\\/\\\/schema.org\",\"@graph\":[{\"@type\":\"WebPage\",\"@id\":\"https:\\\/\\\/dauridiogo.com\\\/e\\\/perception-of-the-world\\\/\",\"url\":\"https:\\\/\\\/dauridiogo.com\\\/e\\\/perception-of-the-world\\\/\",\"name\":\"Perception of the World - Dauri Diogo\",\"isPartOf\":{\"@id\":\"https:\\\/\\\/dauridiogo.com\\\/e\\\/#website\"},\"datePublished\":\"2021-04-26T11:00:36+00:00\",\"dateModified\":\"2022-04-11T23:53:21+00:00\",\"description\":\"Percep\u00e7\u00e3o do mundo do artista pl\u00e1stico Dauri Diogo, uma vis\u00e3o art\u00edstica contempor\u00e2nea sobre a vida e a arte.\",\"breadcrumb\":{\"@id\":\"https:\\\/\\\/dauridiogo.com\\\/e\\\/perception-of-the-world\\\/#breadcrumb\"},\"inLanguage\":\"pt-BR\",\"potentialAction\":[{\"@type\":\"ReadAction\",\"target\":[\"https:\\\/\\\/dauridiogo.com\\\/e\\\/perception-of-the-world\\\/\"]}]},{\"@type\":\"BreadcrumbList\",\"@id\":\"https:\\\/\\\/dauridiogo.com\\\/e\\\/perception-of-the-world\\\/#breadcrumb\",\"itemListElement\":[{\"@type\":\"ListItem\",\"position\":1,\"name\":\"In\u00edcio\",\"item\":\"https:\\\/\\\/dauridiogo.com\\\/e\\\/\"},{\"@type\":\"ListItem\",\"position\":2,\"name\":\"Perception of the World\"}]},{\"@type\":\"WebSite\",\"@id\":\"https:\\\/\\\/dauridiogo.com\\\/e\\\/#website\",\"url\":\"https:\\\/\\\/dauridiogo.com\\\/e\\\/\",\"name\":\"Dauri Diogo\",\"description\":\"Paintings and music by the artist Dauri Diogo\",\"publisher\":{\"@id\":\"https:\\\/\\\/dauridiogo.com\\\/e\\\/#\\\/schema\\\/person\\\/b34e6f8061aba1eef18b0906e086ea10\"},\"potentialAction\":[{\"@type\":\"SearchAction\",\"target\":{\"@type\":\"EntryPoint\",\"urlTemplate\":\"https:\\\/\\\/dauridiogo.com\\\/e\\\/?s={search_term_string}\"},\"query-input\":{\"@type\":\"PropertyValueSpecification\",\"valueRequired\":true,\"valueName\":\"search_term_string\"}}],\"inLanguage\":\"pt-BR\"},{\"@type\":[\"Person\",\"Organization\"],\"@id\":\"https:\\\/\\\/dauridiogo.com\\\/e\\\/#\\\/schema\\\/person\\\/b34e6f8061aba1eef18b0906e086ea10\",\"name\":\"dauridiogo\",\"image\":{\"@type\":\"ImageObject\",\"inLanguage\":\"pt-BR\",\"@id\":\"https:\\\/\\\/dauridiogo.com\\\/e\\\/wp-content\\\/uploads\\\/2022\\\/03\\\/sobre_mim_dauri_diogo.jpg\",\"url\":\"https:\\\/\\\/dauridiogo.com\\\/e\\\/wp-content\\\/uploads\\\/2022\\\/03\\\/sobre_mim_dauri_diogo.jpg\",\"contentUrl\":\"https:\\\/\\\/dauridiogo.com\\\/e\\\/wp-content\\\/uploads\\\/2022\\\/03\\\/sobre_mim_dauri_diogo.jpg\",\"width\":800,\"height\":979,\"caption\":\"dauridiogo\"},\"logo\":{\"@id\":\"https:\\\/\\\/dauridiogo.com\\\/e\\\/wp-content\\\/uploads\\\/2022\\\/03\\\/sobre_mim_dauri_diogo.jpg\"},\"sameAs\":[\"https:\\\/\\\/dauridiogo.com\\\/e\"]}]}<\/script>\n<!-- \/ Yoast SEO plugin. -->","yoast_head_json":{"title":"Perception of the World - Dauri Diogo","description":"Percep\u00e7\u00e3o do mundo do artista pl\u00e1stico Dauri Diogo, uma vis\u00e3o art\u00edstica contempor\u00e2nea sobre a vida e a arte.","robots":{"index":"index","follow":"follow","max-snippet":"max-snippet:-1","max-image-preview":"max-image-preview:large","max-video-preview":"max-video-preview:-1"},"canonical":"https:\/\/dauridiogo.com\/e\/perception-of-the-world\/","og_locale":"pt_BR","og_type":"article","og_title":"Perception of the World - Dauri Diogo","og_description":"Percep\u00e7\u00e3o do mundo do artista pl\u00e1stico Dauri Diogo, uma vis\u00e3o art\u00edstica contempor\u00e2nea sobre a vida e a arte.","og_url":"https:\/\/dauridiogo.com\/e\/perception-of-the-world\/","og_site_name":"Dauri Diogo","article_modified_time":"2022-04-11T23:53:21+00:00","twitter_card":"summary_large_image","twitter_misc":{"Est. tempo de leitura":"2 minutos"},"schema":{"@context":"https:\/\/schema.org","@graph":[{"@type":"WebPage","@id":"https:\/\/dauridiogo.com\/e\/perception-of-the-world\/","url":"https:\/\/dauridiogo.com\/e\/perception-of-the-world\/","name":"Perception of the World - Dauri Diogo","isPartOf":{"@id":"https:\/\/dauridiogo.com\/e\/#website"},"datePublished":"2021-04-26T11:00:36+00:00","dateModified":"2022-04-11T23:53:21+00:00","description":"Percep\u00e7\u00e3o do mundo do artista pl\u00e1stico Dauri Diogo, uma vis\u00e3o art\u00edstica contempor\u00e2nea sobre a vida e a arte.","breadcrumb":{"@id":"https:\/\/dauridiogo.com\/e\/perception-of-the-world\/#breadcrumb"},"inLanguage":"pt-BR","potentialAction":[{"@type":"ReadAction","target":["https:\/\/dauridiogo.com\/e\/perception-of-the-world\/"]}]},{"@type":"BreadcrumbList","@id":"https:\/\/dauridiogo.com\/e\/perception-of-the-world\/#breadcrumb","itemListElement":[{"@type":"ListItem","position":1,"name":"In\u00edcio","item":"https:\/\/dauridiogo.com\/e\/"},{"@type":"ListItem","position":2,"name":"Perception of the World"}]},{"@type":"WebSite","@id":"https:\/\/dauridiogo.com\/e\/#website","url":"https:\/\/dauridiogo.com\/e\/","name":"Dauri Diogo","description":"Paintings and music by the artist Dauri Diogo","publisher":{"@id":"https:\/\/dauridiogo.com\/e\/#\/schema\/person\/b34e6f8061aba1eef18b0906e086ea10"},"potentialAction":[{"@type":"SearchAction","target":{"@type":"EntryPoint","urlTemplate":"https:\/\/dauridiogo.com\/e\/?s={search_term_string}"},"query-input":{"@type":"PropertyValueSpecification","valueRequired":true,"valueName":"search_term_string"}}],"inLanguage":"pt-BR"},{"@type":["Person","Organization"],"@id":"https:\/\/dauridiogo.com\/e\/#\/schema\/person\/b34e6f8061aba1eef18b0906e086ea10","name":"dauridiogo","image":{"@type":"ImageObject","inLanguage":"pt-BR","@id":"https:\/\/dauridiogo.com\/e\/wp-content\/uploads\/2022\/03\/sobre_mim_dauri_diogo.jpg","url":"https:\/\/dauridiogo.com\/e\/wp-content\/uploads\/2022\/03\/sobre_mim_dauri_diogo.jpg","contentUrl":"https:\/\/dauridiogo.com\/e\/wp-content\/uploads\/2022\/03\/sobre_mim_dauri_diogo.jpg","width":800,"height":979,"caption":"dauridiogo"},"logo":{"@id":"https:\/\/dauridiogo.com\/e\/wp-content\/uploads\/2022\/03\/sobre_mim_dauri_diogo.jpg"},"sameAs":["https:\/\/dauridiogo.com\/e"]}]}},"_links":{"self":[{"href":"https:\/\/dauridiogo.com\/e\/wp-json\/wp\/v2\/pages\/704","targetHints":{"allow":["GET"]}}],"collection":[{"href":"https:\/\/dauridiogo.com\/e\/wp-json\/wp\/v2\/pages"}],"about":[{"href":"https:\/\/dauridiogo.com\/e\/wp-json\/wp\/v2\/types\/page"}],"author":[{"embeddable":true,"href":"https:\/\/dauridiogo.com\/e\/wp-json\/wp\/v2\/users\/1"}],"replies":[{"embeddable":true,"href":"https:\/\/dauridiogo.com\/e\/wp-json\/wp\/v2\/comments?post=704"}],"version-history":[{"count":5,"href":"https:\/\/dauridiogo.com\/e\/wp-json\/wp\/v2\/pages\/704\/revisions"}],"predecessor-version":[{"id":1905,"href":"https:\/\/dauridiogo.com\/e\/wp-json\/wp\/v2\/pages\/704\/revisions\/1905"}],"wp:attachment":[{"href":"https:\/\/dauridiogo.com\/e\/wp-json\/wp\/v2\/media?parent=704"}],"curies":[{"name":"wp","href":"https:\/\/api.w.org\/{rel}","templated":true}]}}