{"id":1190,"date":"2022-04-01T14:59:05","date_gmt":"2022-04-01T14:59:05","guid":{"rendered":"https:\/\/dauridiogo.com\/?page_id=1190"},"modified":"2023-09-28T11:49:24","modified_gmt":"2023-09-28T11:49:24","slug":"exposicoes","status":"publish","type":"page","link":"https:\/\/dauridiogo.com\/index.php\/exposicoes\/","title":{"rendered":"Exposi\u00e7\u00f5es"},"content":{"rendered":"\t\t<div data-elementor-type=\"wp-page\" data-elementor-id=\"1190\" class=\"elementor elementor-1190\">\n\t\t\t\t\t\t<section class=\"elementor-section elementor-top-section elementor-element elementor-element-0c05ee1 elementor-section-boxed elementor-section-height-default elementor-section-height-default\" data-id=\"0c05ee1\" data-element_type=\"section\" data-e-type=\"section\">\n\t\t\t\t\t\t<div class=\"elementor-container elementor-column-gap-default\">\n\t\t\t\t\t<div class=\"elementor-column elementor-col-100 elementor-top-column elementor-element elementor-element-017492d\" data-id=\"017492d\" data-element_type=\"column\" data-e-type=\"column\">\n\t\t\t<div class=\"elementor-widget-wrap elementor-element-populated\">\n\t\t\t\t\t\t<div class=\"elementor-element elementor-element-f959546 elementor-widget elementor-widget-heading\" data-id=\"f959546\" data-element_type=\"widget\" data-e-type=\"widget\" data-widget_type=\"heading.default\">\n\t\t\t\t<div class=\"elementor-widget-container\">\n\t\t\t\t\t<h2 class=\"elementor-heading-title elementor-size-default\">Exposi\u00e7\u00f5es<\/h2>\t\t\t\t<\/div>\n\t\t\t\t<\/div>\n\t\t\t\t\t<\/div>\n\t\t<\/div>\n\t\t\t\t\t<\/div>\n\t\t<\/section>\n\t\t\t\t<section class=\"elementor-section elementor-top-section elementor-element elementor-element-d5ae560 elementor-section-boxed elementor-section-height-default elementor-section-height-default\" data-id=\"d5ae560\" data-element_type=\"section\" data-e-type=\"section\">\n\t\t\t\t\t\t<div class=\"elementor-container elementor-column-gap-default\">\n\t\t\t\t\t<div class=\"elementor-column elementor-col-100 elementor-top-column elementor-element elementor-element-0a3b5bf\" data-id=\"0a3b5bf\" data-element_type=\"column\" data-e-type=\"column\">\n\t\t\t<div class=\"elementor-widget-wrap elementor-element-populated\">\n\t\t\t\t\t\t<div class=\"elementor-element elementor-element-f5a2705 elementor-widget elementor-widget-text-editor\" data-id=\"f5a2705\" data-element_type=\"widget\" data-e-type=\"widget\" data-widget_type=\"text-editor.default\">\n\t\t\t\t<div class=\"elementor-widget-container\">\n\t\t\t\t\t\t\t\t\t<h3>Exposi\u00e7\u00f5es realizadas por Dauri Diogo, em museu, galerias e espa\u00e7os culturais.<\/h3>\t\t\t\t\t\t\t\t<\/div>\n\t\t\t\t<\/div>\n\t\t\t\t\t<\/div>\n\t\t<\/div>\n\t\t\t\t\t<\/div>\n\t\t<\/section>\n\t\t\t\t<section class=\"elementor-section elementor-top-section elementor-element elementor-element-9d8a20d elementor-section-boxed elementor-section-height-default elementor-section-height-default\" data-id=\"9d8a20d\" data-element_type=\"section\" data-e-type=\"section\">\n\t\t\t\t\t\t<div class=\"elementor-container elementor-column-gap-default\">\n\t\t\t\t\t<div class=\"elementor-column elementor-col-100 elementor-top-column elementor-element elementor-element-3f1fbe5\" data-id=\"3f1fbe5\" data-element_type=\"column\" data-e-type=\"column\">\n\t\t\t<div class=\"elementor-widget-wrap elementor-element-populated\">\n\t\t\t\t\t\t<div class=\"elementor-element elementor-element-88ee79f elementor-widget elementor-widget-video\" data-id=\"88ee79f\" data-element_type=\"widget\" data-e-type=\"widget\" data-settings=\"{&quot;youtube_url&quot;:&quot;https:\\\/\\\/www.youtube.com\\\/watch?v=-7l9PE5x1_k&quot;,&quot;video_type&quot;:&quot;youtube&quot;,&quot;controls&quot;:&quot;yes&quot;}\" data-widget_type=\"video.default\">\n\t\t\t\t<div class=\"elementor-widget-container\">\n\t\t\t\t\t\t\t<div class=\"elementor-wrapper elementor-open-inline\">\n\t\t\t<div class=\"elementor-video\"><\/div>\t\t<\/div>\n\t\t\t\t\t\t<\/div>\n\t\t\t\t<\/div>\n\t\t\t\t\t<\/div>\n\t\t<\/div>\n\t\t\t\t\t<\/div>\n\t\t<\/section>\n\t\t\t\t<section class=\"elementor-section elementor-top-section elementor-element elementor-element-be9af83 elementor-section-boxed elementor-section-height-default elementor-section-height-default\" data-id=\"be9af83\" data-element_type=\"section\" data-e-type=\"section\">\n\t\t\t\t\t\t<div class=\"elementor-container elementor-column-gap-default\">\n\t\t\t\t\t<div class=\"elementor-column elementor-col-100 elementor-top-column elementor-element elementor-element-56b7b8a\" data-id=\"56b7b8a\" data-element_type=\"column\" data-e-type=\"column\">\n\t\t\t<div class=\"elementor-widget-wrap elementor-element-populated\">\n\t\t\t\t\t\t<div class=\"elementor-element elementor-element-fcf4eab elementor-widget elementor-widget-text-editor\" data-id=\"fcf4eab\" data-element_type=\"widget\" data-e-type=\"widget\" data-widget_type=\"text-editor.default\">\n\t\t\t\t<div class=\"elementor-widget-container\">\n\t\t\t\t\t\t\t\t\t<h3>Individuais<\/h3>\n<p>Salvador Praia hotel \u2013 1991- Salvador \u2013 Bahia<br>Shopping Barra &#8211; 1992- Salvador \u2013Bahia<br>Casa Kaiada \u2013 1992 \u2013 Salvador \u2013 Bahia<br>Praia do Forte Resort \u2013 1993- Cama\u00e7ari- Bahia<br>Hotel Sofitel Quatro Rodas \u2013 1994 \u2013 Salvador \u2013 Bahia<br>Galeria Arte Viva \u2013 1996 \u2013 Salvador \u2013 Bahia<br>Fenar \u2013 Centro de Conven\u00e7\u00f5es \u2013 1996 \u2013 Petrolina \u2013 Pernambuco<br>Banco do Brasil \u2013 1996 \u2013 Petrolina \u2013 Pernambuco<br>Espa\u00e7o cultural Muqueca das Estrelas \u2013 1998 \u2013 Salvador \u2013 Bahia<br>Exposi\u00e7\u00e3o &#8220;Influ\u00eancias&#8221; &#8211; 2016 &#8211; Galeria Nelson Dahia &#8211; Senac &#8211; Pelourinho &#8211; Salvador &#8211; Bahia<br>Exposi\u00e7\u00e3o &#8220;Os Seres e os S\u00edmbolos&#8221; &#8211; 2016 &#8211; Galeria Pierre Verger &#8211; Dimas &#8211; Biblioteca Central &#8211; Salvador &#8211; Bahia<br>Exposi\u00e7\u00e3o &#8220;Os Seres e os S\u00edmbolos&#8221; &#8211; 2016 &#8211; Pousada Das Artes &#8211; Pelourinho &#8211; Salvador &#8211; Bahia<br>Exposi\u00e7\u00e3o &#8220;Reflex\u00e3o e Simbologias do Cotidiano&#8221; &#8211; 2017 &#8211; Tribunal de Justi\u00e7a da Bahia &#8211; \u00c1trio do F\u00f3rum Ruy Barbosa &#8211; Salvador &#8211; Bahia<br>Exposi\u00e7\u00e3o &#8220;Reflex\u00e3o e Simbologias do Cotidiano&#8221; &#8211; 2017 &#8211; Tribunal de Justi\u00e7a da Bahia &#8211; \u00c1trio do F\u00f3rum do Imbu\u00ed &#8211; Salvador &#8211; Bahia<br>Exposi\u00e7\u00e3o &#8220;Reflex\u00e3o e Simbologias do Cotidiano&#8221; &#8211; 2017 &#8211; Tribunal de Justi\u00e7a da Bahia &#8211; \u00c1trio do Tribunal de Justi\u00e7a da Bahia &#8211; Salvador &#8211; Bahia<br><span style=\"background-color: var(--ast-global-color-4); color: var(--ast-global-color-3); font-style: inherit; font-weight: inherit;\">Exposi\u00e7\u00e3o &#8220;Formas e Cores&#8221; &#8211; 2023 &#8211; Movisa &#8211; Shopping Piedade &#8211; Salvador &#8211; Bahia<br>Exposi\u00e7ao &#8220;Geometria e Cores&#8221; &#8211; 2023 &#8211; Assembl\u00e9ia Legislativa da Bahia &#8211; Salvador &#8211; Bahia<br>Exposi\u00e7\u00e3o &#8220;Arte na Academia&#8221; &#8211; 2023 &#8211; Faculdade Est\u00e1cio Campus Gilberto Gil &#8211; Salvador &#8211; Bahia<\/span><\/p>\n<p><span style=\"color: var(--ast-global-color-2); font-family: &quot;Playfair Display&quot;, serif; font-size: 2rem; font-style: inherit; background-color: var(--ast-global-color-4);\">Coletivas<\/span><\/p>\n<p>Galeria Portal da Cor \u2013 1993 \u2013 Salvador &#8211; Bahia<br>Galeria 13 \u2013 1997 \u2013 Salvador \u2013 Bahia<br>Shopping Baixa do Sapateiro \u2013 1997 \u2013 Salvador \u2013 Bahia<br>Espa\u00e7o Cultural Casa da It\u00e1lia &#8211; 1997 &#8211; Salvador &#8211; Bahia<br>Universidade Cat\u00f3lica de Salvador \u2013 1999 \u2013 Salvador \u2013 Bahia<br>Castelo Garcia D\u00e1vila &#8211; 2004 &#8211; Cama\u00e7ari &#8211; Bahia<br>Hotel Mar Brasil &#8211; 2004 &#8211; Salvador &#8211; Bahia<br>Salvador Trade Center &#8211; 2005 &#8211; Salvador &#8211; Bahia<br>Memorial da C\u00e2mara de Salvador &#8211; 2006 &#8211; Salvador &#8211; Bahia<br>VII Universidarte &#8211; FIB &#8211; Centro Universit\u00e1rio &#8211; 2007 &#8211; Salvador &#8211; Bahia<br>Exposi\u00e7\u00e3o &#8220;Refugiados&#8221; &#8211; 2019 &#8211; Museu Nacional de Cultura Afro-Brasileira (Muncab)<\/p>\n<h3>Internacionais<\/h3>\n<p>Latin American Art Museum &#8211; 2003 &#8211; Miami Art Center &#8211; Miami &#8211; Fl\u00f3rida &#8211; USA<br>Holland International Art Fair in The Hague &#8211; 2004 &#8211; Holanda<br>&#8220;Tribute to Francisco de Goya&#8221; &#8211; 2004 &#8211; Goya&#8217;s birthplace &#8211; Fuendetodos &#8211; Espanha<br>&#8220;Tribute to Salvador Dali&#8221; &#8211; 2004 &#8211; Crisolart Galleries- Barcelona &#8211; Espanha<br>&#8220;American Artists in Copenhagen&#8221; &#8211; 2004 &#8211; Crisolart Galleries &#8211; Copenhaguen &#8211; Dinamarca.<br>&#8220;International Artists of Museum of Americas&#8221;- 2004 &#8211; AAI Gallerie &#8211; Viena &#8211; Austria.<br>Brazil With Love &#8211; 2005 &#8211; Het Kunstbedrijf &#8211; Heemstede &#8211; Holanda<br>MAP OF THE NEW ART &#8211; Brasil: Land of the Future &#8211; 2015 &#8211; Fondazione Giorgio Cini &#8211; sland of San Giorgio Maggiore, Venice &#8211; Italia<\/p>\t\t\t\t\t\t\t\t<\/div>\n\t\t\t\t<\/div>\n\t\t\t\t\t<\/div>\n\t\t<\/div>\n\t\t\t\t\t<\/div>\n\t\t<\/section>\n\t\t\t\t<\/div>\n\t\t","protected":false},"excerpt":{"rendered":"<p>Exposi\u00e7\u00f5es Exposi\u00e7\u00f5es realizadas por Dauri Diogo, em museu, galerias e espa\u00e7os culturais. https:\/\/www.youtube.com\/watch?v=-7l9PE5x1_k Individuais Salvador Praia hotel \u2013 1991- Salvador \u2013 BahiaShopping Barra &#8211; 1992- Salvador \u2013BahiaCasa Kaiada \u2013 1992 \u2013 Salvador \u2013 BahiaPraia do Forte Resort \u2013 1993- Cama\u00e7ari- BahiaHotel Sofitel Quatro Rodas \u2013 1994 \u2013 Salvador \u2013 BahiaGaleria Arte Viva \u2013 1996 \u2013 [&hellip;]<\/p>\n","protected":false},"author":1,"featured_media":0,"parent":0,"menu_order":0,"comment_status":"closed","ping_status":"closed","template":"","meta":{"om_disable_all_campaigns":false,"_monsterinsights_skip_tracking":false,"_monsterinsights_sitenote_active":false,"_monsterinsights_sitenote_note":"","_monsterinsights_sitenote_category":0,"_uf_show_specific_survey":0,"_uf_disable_surveys":false,"site-sidebar-layout":"no-sidebar","site-content-layout":"page-builder","ast-site-content-layout":"default","site-content-style":"default","site-sidebar-style":"default","ast-global-header-display":"","ast-banner-title-visibility":"","ast-main-header-display":"","ast-hfb-above-header-display":"","ast-hfb-below-header-display":"","ast-hfb-mobile-header-display":"","site-post-title":"disabled","ast-breadcrumbs-content":"","ast-featured-img":"disabled","footer-sml-layout":"","ast-disable-related-posts":"","theme-transparent-header-meta":"","adv-header-id-meta":"","stick-header-meta":"","header-above-stick-meta":"","header-main-stick-meta":"","header-below-stick-meta":"","astra-migrate-meta-layouts":"default","ast-page-background-enabled":"default","ast-page-background-meta":{"desktop":{"background-color":"","background-image":"","background-repeat":"repeat","background-position":"center center","background-size":"auto","background-attachment":"scroll","background-type":"","background-media":"","overlay-type":"","overlay-color":"","overlay-opacity":"","overlay-gradient":""},"tablet":{"background-color":"","background-image":"","background-repeat":"repeat","background-position":"center center","background-size":"auto","background-attachment":"scroll","background-type":"","background-media":"","overlay-type":"","overlay-color":"","overlay-opacity":"","overlay-gradient":""},"mobile":{"background-color":"","background-image":"","background-repeat":"repeat","background-position":"center center","background-size":"auto","background-attachment":"scroll","background-type":"","background-media":"","overlay-type":"","overlay-color":"","overlay-opacity":"","overlay-gradient":""}},"ast-content-background-meta":{"desktop":{"background-color":"var(--ast-global-color-5)","background-image":"","background-repeat":"repeat","background-position":"center center","background-size":"auto","background-attachment":"scroll","background-type":"","background-media":"","overlay-type":"","overlay-color":"","overlay-opacity":"","overlay-gradient":""},"tablet":{"background-color":"var(--ast-global-color-5)","background-image":"","background-repeat":"repeat","background-position":"center center","background-size":"auto","background-attachment":"scroll","background-type":"","background-media":"","overlay-type":"","overlay-color":"","overlay-opacity":"","overlay-gradient":""},"mobile":{"background-color":"var(--ast-global-color-5)","background-image":"","background-repeat":"repeat","background-position":"center center","background-size":"auto","background-attachment":"scroll","background-type":"","background-media":"","overlay-type":"","overlay-color":"","overlay-opacity":"","overlay-gradient":""}},"footnotes":""},"class_list":["post-1190","page","type-page","status-publish","hentry"],"yoast_head":"<!-- This site is optimized with the Yoast SEO plugin v27.3 - https:\/\/yoast.com\/product\/yoast-seo-wordpress\/ -->\n<title>Exposi\u00e7\u00f5es &#8211; Dauri Diogo<\/title>\n<meta name=\"description\" content=\"Exposi\u00e7\u00f5es realizadas pelo artista pl\u00e1stico contempor\u00e2neo Dauri Diogo, em galeria, espa\u00e7os culturais e museus.\" \/>\n<meta name=\"robots\" content=\"index, follow, max-snippet:-1, max-image-preview:large, max-video-preview:-1\" \/>\n<link rel=\"canonical\" href=\"https:\/\/dauridiogo.com\/index.php\/exposicoes\/\" \/>\n<meta property=\"og:locale\" content=\"pt_BR\" \/>\n<meta property=\"og:type\" content=\"article\" \/>\n<meta property=\"og:title\" content=\"Exposi\u00e7\u00f5es &#8211; Dauri Diogo\" \/>\n<meta property=\"og:description\" content=\"Exposi\u00e7\u00f5es realizadas pelo artista pl\u00e1stico contempor\u00e2neo Dauri Diogo, em galeria, espa\u00e7os culturais e museus.\" \/>\n<meta property=\"og:url\" content=\"https:\/\/dauridiogo.com\/index.php\/exposicoes\/\" \/>\n<meta property=\"og:site_name\" content=\"Dauri Diogo\" \/>\n<meta property=\"article:publisher\" content=\"https:\/\/facebook.com\/dauridiogo\" \/>\n<meta property=\"article:modified_time\" content=\"2023-09-28T11:49:24+00:00\" \/>\n<meta property=\"og:image\" content=\"https:\/\/dauridiogo.com\/wp-content\/uploads\/2022\/03\/sobre_mim_dauri_diogo.jpg\" \/>\n\t<meta property=\"og:image:width\" content=\"800\" \/>\n\t<meta property=\"og:image:height\" content=\"979\" \/>\n\t<meta property=\"og:image:type\" content=\"image\/jpeg\" \/>\n<meta name=\"twitter:card\" content=\"summary_large_image\" \/>\n<meta name=\"twitter:site\" content=\"@dauridiogo\" \/>\n<meta name=\"twitter:label1\" content=\"Est. tempo de leitura\" \/>\n\t<meta name=\"twitter:data1\" content=\"2 minutos\" \/>\n<script type=\"application\/ld+json\" class=\"yoast-schema-graph\">{\"@context\":\"https:\\\/\\\/schema.org\",\"@graph\":[{\"@type\":\"WebPage\",\"@id\":\"https:\\\/\\\/dauridiogo.com\\\/index.php\\\/exposicoes\\\/\",\"url\":\"https:\\\/\\\/dauridiogo.com\\\/index.php\\\/exposicoes\\\/\",\"name\":\"Exposi\u00e7\u00f5es &#8211; Dauri Diogo\",\"isPartOf\":{\"@id\":\"https:\\\/\\\/dauridiogo.com\\\/#website\"},\"datePublished\":\"2022-04-01T14:59:05+00:00\",\"dateModified\":\"2023-09-28T11:49:24+00:00\",\"description\":\"Exposi\u00e7\u00f5es realizadas pelo artista pl\u00e1stico contempor\u00e2neo Dauri Diogo, em galeria, espa\u00e7os culturais e museus.\",\"breadcrumb\":{\"@id\":\"https:\\\/\\\/dauridiogo.com\\\/index.php\\\/exposicoes\\\/#breadcrumb\"},\"inLanguage\":\"pt-BR\",\"potentialAction\":[{\"@type\":\"ReadAction\",\"target\":[\"https:\\\/\\\/dauridiogo.com\\\/index.php\\\/exposicoes\\\/\"]}]},{\"@type\":\"BreadcrumbList\",\"@id\":\"https:\\\/\\\/dauridiogo.com\\\/index.php\\\/exposicoes\\\/#breadcrumb\",\"itemListElement\":[{\"@type\":\"ListItem\",\"position\":1,\"name\":\"In\u00edcio\",\"item\":\"https:\\\/\\\/dauridiogo.com\\\/\"},{\"@type\":\"ListItem\",\"position\":2,\"name\":\"Exposi\u00e7\u00f5es\"}]},{\"@type\":\"WebSite\",\"@id\":\"https:\\\/\\\/dauridiogo.com\\\/#website\",\"url\":\"https:\\\/\\\/dauridiogo.com\\\/\",\"name\":\"Dauri Diogo\",\"description\":\"Pinturas e m\u00fasicas do artista pl\u00e1stico Dauri Diogo\",\"publisher\":{\"@id\":\"https:\\\/\\\/dauridiogo.com\\\/#\\\/schema\\\/person\\\/0fa33063310f8559124886f7e3c276a7\"},\"potentialAction\":[{\"@type\":\"SearchAction\",\"target\":{\"@type\":\"EntryPoint\",\"urlTemplate\":\"https:\\\/\\\/dauridiogo.com\\\/?s={search_term_string}\"},\"query-input\":{\"@type\":\"PropertyValueSpecification\",\"valueRequired\":true,\"valueName\":\"search_term_string\"}}],\"inLanguage\":\"pt-BR\"},{\"@type\":[\"Person\",\"Organization\"],\"@id\":\"https:\\\/\\\/dauridiogo.com\\\/#\\\/schema\\\/person\\\/0fa33063310f8559124886f7e3c276a7\",\"name\":\"dauridiogo\",\"image\":{\"@type\":\"ImageObject\",\"inLanguage\":\"pt-BR\",\"@id\":\"https:\\\/\\\/dauridiogo.com\\\/wp-content\\\/uploads\\\/2022\\\/03\\\/sobre_mim_dauri_diogo.jpg\",\"url\":\"https:\\\/\\\/dauridiogo.com\\\/wp-content\\\/uploads\\\/2022\\\/03\\\/sobre_mim_dauri_diogo.jpg\",\"contentUrl\":\"https:\\\/\\\/dauridiogo.com\\\/wp-content\\\/uploads\\\/2022\\\/03\\\/sobre_mim_dauri_diogo.jpg\",\"width\":800,\"height\":979,\"caption\":\"dauridiogo\"},\"logo\":{\"@id\":\"https:\\\/\\\/dauridiogo.com\\\/wp-content\\\/uploads\\\/2022\\\/03\\\/sobre_mim_dauri_diogo.jpg\"},\"description\":\"Artista pl\u00e1stico paulista radicado na Bahia. Artista apreciador da arte e boas informa\u00e7\u00f5es culturais.\",\"sameAs\":[\"https:\\\/\\\/dauridiogo.com\",\"https:\\\/\\\/facebook.com\\\/dauridiogo\",\"https:\\\/\\\/www.instagram.com\\\/dauridiogo\",\"https:\\\/\\\/www.linkedin.com\\\/in\\\/dauri-diogo-82980754\\\/\",\"https:\\\/\\\/pinterest.com\\\/dauridigo\",\"https:\\\/\\\/x.com\\\/dauridiogo\",\"https:\\\/\\\/www.youtube.com\\\/user\\\/dauridiogo\"]}]}<\/script>\n<!-- \/ Yoast SEO plugin. -->","yoast_head_json":{"title":"Exposi\u00e7\u00f5es &#8211; Dauri Diogo","description":"Exposi\u00e7\u00f5es realizadas pelo artista pl\u00e1stico contempor\u00e2neo Dauri Diogo, em galeria, espa\u00e7os culturais e museus.","robots":{"index":"index","follow":"follow","max-snippet":"max-snippet:-1","max-image-preview":"max-image-preview:large","max-video-preview":"max-video-preview:-1"},"canonical":"https:\/\/dauridiogo.com\/index.php\/exposicoes\/","og_locale":"pt_BR","og_type":"article","og_title":"Exposi\u00e7\u00f5es &#8211; Dauri Diogo","og_description":"Exposi\u00e7\u00f5es realizadas pelo artista pl\u00e1stico contempor\u00e2neo Dauri Diogo, em galeria, espa\u00e7os culturais e museus.","og_url":"https:\/\/dauridiogo.com\/index.php\/exposicoes\/","og_site_name":"Dauri Diogo","article_publisher":"https:\/\/facebook.com\/dauridiogo","article_modified_time":"2023-09-28T11:49:24+00:00","og_image":[{"width":800,"height":979,"url":"https:\/\/dauridiogo.com\/wp-content\/uploads\/2022\/03\/sobre_mim_dauri_diogo.jpg","type":"image\/jpeg"}],"twitter_card":"summary_large_image","twitter_site":"@dauridiogo","twitter_misc":{"Est. tempo de leitura":"2 minutos"},"schema":{"@context":"https:\/\/schema.org","@graph":[{"@type":"WebPage","@id":"https:\/\/dauridiogo.com\/index.php\/exposicoes\/","url":"https:\/\/dauridiogo.com\/index.php\/exposicoes\/","name":"Exposi\u00e7\u00f5es &#8211; Dauri Diogo","isPartOf":{"@id":"https:\/\/dauridiogo.com\/#website"},"datePublished":"2022-04-01T14:59:05+00:00","dateModified":"2023-09-28T11:49:24+00:00","description":"Exposi\u00e7\u00f5es realizadas pelo artista pl\u00e1stico contempor\u00e2neo Dauri Diogo, em galeria, espa\u00e7os culturais e museus.","breadcrumb":{"@id":"https:\/\/dauridiogo.com\/index.php\/exposicoes\/#breadcrumb"},"inLanguage":"pt-BR","potentialAction":[{"@type":"ReadAction","target":["https:\/\/dauridiogo.com\/index.php\/exposicoes\/"]}]},{"@type":"BreadcrumbList","@id":"https:\/\/dauridiogo.com\/index.php\/exposicoes\/#breadcrumb","itemListElement":[{"@type":"ListItem","position":1,"name":"In\u00edcio","item":"https:\/\/dauridiogo.com\/"},{"@type":"ListItem","position":2,"name":"Exposi\u00e7\u00f5es"}]},{"@type":"WebSite","@id":"https:\/\/dauridiogo.com\/#website","url":"https:\/\/dauridiogo.com\/","name":"Dauri Diogo","description":"Pinturas e m\u00fasicas do artista pl\u00e1stico Dauri Diogo","publisher":{"@id":"https:\/\/dauridiogo.com\/#\/schema\/person\/0fa33063310f8559124886f7e3c276a7"},"potentialAction":[{"@type":"SearchAction","target":{"@type":"EntryPoint","urlTemplate":"https:\/\/dauridiogo.com\/?s={search_term_string}"},"query-input":{"@type":"PropertyValueSpecification","valueRequired":true,"valueName":"search_term_string"}}],"inLanguage":"pt-BR"},{"@type":["Person","Organization"],"@id":"https:\/\/dauridiogo.com\/#\/schema\/person\/0fa33063310f8559124886f7e3c276a7","name":"dauridiogo","image":{"@type":"ImageObject","inLanguage":"pt-BR","@id":"https:\/\/dauridiogo.com\/wp-content\/uploads\/2022\/03\/sobre_mim_dauri_diogo.jpg","url":"https:\/\/dauridiogo.com\/wp-content\/uploads\/2022\/03\/sobre_mim_dauri_diogo.jpg","contentUrl":"https:\/\/dauridiogo.com\/wp-content\/uploads\/2022\/03\/sobre_mim_dauri_diogo.jpg","width":800,"height":979,"caption":"dauridiogo"},"logo":{"@id":"https:\/\/dauridiogo.com\/wp-content\/uploads\/2022\/03\/sobre_mim_dauri_diogo.jpg"},"description":"Artista pl\u00e1stico paulista radicado na Bahia. Artista apreciador da arte e boas informa\u00e7\u00f5es culturais.","sameAs":["https:\/\/dauridiogo.com","https:\/\/facebook.com\/dauridiogo","https:\/\/www.instagram.com\/dauridiogo","https:\/\/www.linkedin.com\/in\/dauri-diogo-82980754\/","https:\/\/pinterest.com\/dauridigo","https:\/\/x.com\/dauridiogo","https:\/\/www.youtube.com\/user\/dauridiogo"]}]}},"_links":{"self":[{"href":"https:\/\/dauridiogo.com\/index.php\/wp-json\/wp\/v2\/pages\/1190","targetHints":{"allow":["GET"]}}],"collection":[{"href":"https:\/\/dauridiogo.com\/index.php\/wp-json\/wp\/v2\/pages"}],"about":[{"href":"https:\/\/dauridiogo.com\/index.php\/wp-json\/wp\/v2\/types\/page"}],"author":[{"embeddable":true,"href":"https:\/\/dauridiogo.com\/index.php\/wp-json\/wp\/v2\/users\/1"}],"replies":[{"embeddable":true,"href":"https:\/\/dauridiogo.com\/index.php\/wp-json\/wp\/v2\/comments?post=1190"}],"version-history":[{"count":23,"href":"https:\/\/dauridiogo.com\/index.php\/wp-json\/wp\/v2\/pages\/1190\/revisions"}],"predecessor-version":[{"id":1595,"href":"https:\/\/dauridiogo.com\/index.php\/wp-json\/wp\/v2\/pages\/1190\/revisions\/1595"}],"wp:attachment":[{"href":"https:\/\/dauridiogo.com\/index.php\/wp-json\/wp\/v2\/media?parent=1190"}],"curies":[{"name":"wp","href":"https:\/\/api.w.org\/{rel}","templated":true}]}}