{"id":590,"date":"2017-12-13T08:37:41","date_gmt":"2017-12-13T08:37:41","guid":{"rendered":"https:\/\/dauridiogo.com\/index.php\/home\/"},"modified":"2022-04-12T03:58:32","modified_gmt":"2022-04-12T03:58:32","slug":"home","status":"publish","type":"page","link":"https:\/\/dauridiogo.com\/","title":{"rendered":"Home"},"content":{"rendered":"\t\t<div data-elementor-type=\"wp-page\" data-elementor-id=\"590\" class=\"elementor elementor-590\">\n\t\t\t\t\t\t<section class=\"elementor-section elementor-top-section elementor-element elementor-element-44789b6 elementor-section-full_width elementor-section-content-middle elementor-section-height-default elementor-section-height-default\" data-id=\"44789b6\" data-element_type=\"section\" data-e-type=\"section\" data-settings=\"{&quot;background_background&quot;:&quot;gradient&quot;}\">\n\t\t\t\t\t\t<div class=\"elementor-container elementor-column-gap-no\">\n\t\t\t\t\t<div class=\"elementor-column elementor-col-100 elementor-top-column elementor-element elementor-element-8f0bfa6\" data-id=\"8f0bfa6\" data-element_type=\"column\" data-e-type=\"column\">\n\t\t\t<div class=\"elementor-widget-wrap elementor-element-populated\">\n\t\t\t\t\t\t<div class=\"elementor-element elementor-element-fdeb9ae elementor-widget elementor-widget-spacer\" data-id=\"fdeb9ae\" data-element_type=\"widget\" data-e-type=\"widget\" data-widget_type=\"spacer.default\">\n\t\t\t\t<div class=\"elementor-widget-container\">\n\t\t\t\t\t\t\t<div class=\"elementor-spacer\">\n\t\t\t<div class=\"elementor-spacer-inner\"><\/div>\n\t\t<\/div>\n\t\t\t\t\t\t<\/div>\n\t\t\t\t<\/div>\n\t\t\t\t<section class=\"elementor-section elementor-inner-section elementor-element elementor-element-65fd078 elementor-section-full_width elementor-section-content-middle elementor-section-height-default elementor-section-height-default\" data-id=\"65fd078\" data-element_type=\"section\" data-e-type=\"section\">\n\t\t\t\t\t\t<div class=\"elementor-container elementor-column-gap-default\">\n\t\t\t\t\t<div class=\"elementor-column elementor-col-50 elementor-inner-column elementor-element elementor-element-d027e95\" data-id=\"d027e95\" data-element_type=\"column\" data-e-type=\"column\" data-settings=\"{&quot;background_background&quot;:&quot;classic&quot;}\">\n\t\t\t<div class=\"elementor-widget-wrap elementor-element-populated\">\n\t\t\t\t\t<div class=\"elementor-background-overlay\"><\/div>\n\t\t\t\t\t\t<div class=\"elementor-element elementor-element-36d2b53 elementor-widget elementor-widget-image\" data-id=\"36d2b53\" data-element_type=\"widget\" data-e-type=\"widget\" data-widget_type=\"image.default\">\n\t\t\t\t<div class=\"elementor-widget-container\">\n\t\t\t\t\t\t\t\t\t\t\t\t\t\t\t<img fetchpriority=\"high\" decoding=\"async\" width=\"800\" height=\"979\" src=\"https:\/\/dauridiogo.com\/wp-content\/uploads\/2022\/03\/sobre_mim_dauri_diogo.jpg\" class=\"attachment-full size-full wp-image-893\" alt=\"Dauri Diogo\" srcset=\"https:\/\/dauridiogo.com\/wp-content\/uploads\/2022\/03\/sobre_mim_dauri_diogo.jpg 800w, https:\/\/dauridiogo.com\/wp-content\/uploads\/2022\/03\/sobre_mim_dauri_diogo-245x300.jpg 245w, https:\/\/dauridiogo.com\/wp-content\/uploads\/2022\/03\/sobre_mim_dauri_diogo-768x940.jpg 768w, https:\/\/dauridiogo.com\/wp-content\/uploads\/2022\/03\/sobre_mim_dauri_diogo-600x734.jpg 600w\" sizes=\"(max-width: 800px) 100vw, 800px\" \/>\t\t\t\t\t\t\t\t\t\t\t\t\t\t\t<\/div>\n\t\t\t\t<\/div>\n\t\t\t\t\t<\/div>\n\t\t<\/div>\n\t\t\t\t<div class=\"elementor-column elementor-col-50 elementor-inner-column elementor-element elementor-element-734a360\" data-id=\"734a360\" data-element_type=\"column\" data-e-type=\"column\">\n\t\t\t<div class=\"elementor-widget-wrap elementor-element-populated\">\n\t\t\t\t\t\t<div class=\"elementor-element elementor-element-a73583f elementor-invisible elementor-widget elementor-widget-heading\" data-id=\"a73583f\" data-element_type=\"widget\" data-e-type=\"widget\" data-settings=\"{&quot;_animation&quot;:&quot;fadeInRight&quot;,&quot;_animation_delay&quot;:200}\" data-widget_type=\"heading.default\">\n\t\t\t\t<div class=\"elementor-widget-container\">\n\t\t\t\t\t<h1 class=\"elementor-heading-title elementor-size-default\">Dauri Diogo<\/h1>\t\t\t\t<\/div>\n\t\t\t\t<\/div>\n\t\t\t\t<div class=\"elementor-element elementor-element-a7af1da elementor-widget elementor-widget-heading\" data-id=\"a7af1da\" data-element_type=\"widget\" data-e-type=\"widget\" data-widget_type=\"heading.default\">\n\t\t\t\t<div class=\"elementor-widget-container\">\n\t\t\t\t\t<h2 class=\"elementor-heading-title elementor-size-default\">A arte \u00e9 a comunh\u00e3o do homem consigo mesmo, e conseq\u00fcentemente com o pr\u00f3ximo.<\/h2>\t\t\t\t<\/div>\n\t\t\t\t<\/div>\n\t\t\t\t\t<\/div>\n\t\t<\/div>\n\t\t\t\t\t<\/div>\n\t\t<\/section>\n\t\t\t\t\t<\/div>\n\t\t<\/div>\n\t\t\t\t\t<\/div>\n\t\t<\/section>\n\t\t\t\t<section class=\"elementor-section elementor-top-section elementor-element elementor-element-2bacb1f elementor-section-items-top elementor-section-height-min-height elementor-section-boxed elementor-section-height-default\" data-id=\"2bacb1f\" data-element_type=\"section\" data-e-type=\"section\" data-settings=\"{&quot;background_background&quot;:&quot;gradient&quot;}\">\n\t\t\t\t\t\t<div class=\"elementor-container elementor-column-gap-default\">\n\t\t\t\t\t<div class=\"elementor-column elementor-col-100 elementor-top-column elementor-element elementor-element-0a37e66\" data-id=\"0a37e66\" data-element_type=\"column\" data-e-type=\"column\">\n\t\t\t<div class=\"elementor-widget-wrap elementor-element-populated\">\n\t\t\t\t\t\t<div class=\"elementor-element elementor-element-84cffbe elementor-widget elementor-widget-heading\" data-id=\"84cffbe\" data-element_type=\"widget\" data-e-type=\"widget\" data-widget_type=\"heading.default\">\n\t\t\t\t<div class=\"elementor-widget-container\">\n\t\t\t\t\t<h2 class=\"elementor-heading-title elementor-size-default\">Explore Minha Arte.<\/h2>\t\t\t\t<\/div>\n\t\t\t\t<\/div>\n\t\t\t\t<div class=\"elementor-element elementor-element-7533709 elementor-widget elementor-widget-text-editor\" data-id=\"7533709\" data-element_type=\"widget\" data-e-type=\"widget\" data-widget_type=\"text-editor.default\">\n\t\t\t\t<div class=\"elementor-widget-container\">\n\t\t\t\t\t\t\t\t\t<h4>A \u00fanica barreira da arte \u00e9 a sensibilidade.<\/h4>\t\t\t\t\t\t\t\t<\/div>\n\t\t\t\t<\/div>\n\t\t\t\t<div class=\"elementor-element elementor-element-544b16a elementor-widget elementor-widget-heading\" data-id=\"544b16a\" data-element_type=\"widget\" data-e-type=\"widget\" data-widget_type=\"heading.default\">\n\t\t\t\t<div class=\"elementor-widget-container\">\n\t\t\t\t\t<h3 class=\"elementor-heading-title elementor-size-default\">Categorias<\/h3>\t\t\t\t<\/div>\n\t\t\t\t<\/div>\n\t\t\t\t<div class=\"elementor-element elementor-element-1f3459b elementor-widget elementor-widget-text-editor\" data-id=\"1f3459b\" data-element_type=\"widget\" data-e-type=\"widget\" data-widget_type=\"text-editor.default\">\n\t\t\t\t<div class=\"elementor-widget-container\">\n\t\t\t\t\t\t\t\t\t<h4>Viaje em Formas e Cores.<\/h4>\t\t\t\t\t\t\t\t<\/div>\n\t\t\t\t<\/div>\n\t\t\t\t\t<\/div>\n\t\t<\/div>\n\t\t\t\t\t<\/div>\n\t\t<\/section>\n\t\t\t\t<section class=\"elementor-section elementor-top-section elementor-element elementor-element-58ef4e0 elementor-section-boxed elementor-section-height-default elementor-section-height-default\" data-id=\"58ef4e0\" data-element_type=\"section\" data-e-type=\"section\">\n\t\t\t\t\t\t<div class=\"elementor-container elementor-column-gap-default\">\n\t\t\t\t\t<div class=\"elementor-column elementor-col-33 elementor-top-column elementor-element elementor-element-8cc6ea6\" data-id=\"8cc6ea6\" data-element_type=\"column\" data-e-type=\"column\">\n\t\t\t<div class=\"elementor-widget-wrap elementor-element-populated\">\n\t\t\t\t\t\t<div class=\"elementor-element elementor-element-949009f elementor-widget elementor-widget-image\" data-id=\"949009f\" data-element_type=\"widget\" data-e-type=\"widget\" data-widget_type=\"image.default\">\n\t\t\t\t<div class=\"elementor-widget-container\">\n\t\t\t\t\t\t\t\t\t\t\t\t<figure class=\"wp-caption\">\n\t\t\t\t\t\t\t\t\t\t\t<a href=\"https:\/\/dauridiogo.com\/index.php\/geometricos\/\">\n\t\t\t\t\t\t\t<img decoding=\"async\" width=\"1024\" height=\"1018\" src=\"https:\/\/dauridiogo.com\/wp-content\/uploads\/2022\/03\/infinito-1024x1018.jpg\" class=\"attachment-large size-large wp-image-971\" alt=\"Infinito, \u00f3leo sobre tela\" srcset=\"https:\/\/dauridiogo.com\/wp-content\/uploads\/2022\/03\/infinito-1024x1018.jpg 1024w, https:\/\/dauridiogo.com\/wp-content\/uploads\/2022\/03\/infinito-300x298.jpg 300w, https:\/\/dauridiogo.com\/wp-content\/uploads\/2022\/03\/infinito-150x150.jpg 150w, https:\/\/dauridiogo.com\/wp-content\/uploads\/2022\/03\/infinito-768x764.jpg 768w, https:\/\/dauridiogo.com\/wp-content\/uploads\/2022\/03\/infinito-1536x1528.jpg 1536w, https:\/\/dauridiogo.com\/wp-content\/uploads\/2022\/03\/infinito-2048x2037.jpg 2048w, https:\/\/dauridiogo.com\/wp-content\/uploads\/2022\/03\/infinito-600x597.jpg 600w, https:\/\/dauridiogo.com\/wp-content\/uploads\/2022\/03\/infinito-100x100.jpg 100w\" sizes=\"(max-width: 1024px) 100vw, 1024px\" \/>\t\t\t\t\t\t\t\t<\/a>\n\t\t\t\t\t\t\t\t\t\t\t<figcaption class=\"widget-image-caption wp-caption-text\">Geom\u00e9tricos<\/figcaption>\n\t\t\t\t\t\t\t\t\t\t<\/figure>\n\t\t\t\t\t\t\t\t\t<\/div>\n\t\t\t\t<\/div>\n\t\t\t\t\t<\/div>\n\t\t<\/div>\n\t\t\t\t<div class=\"elementor-column elementor-col-33 elementor-top-column elementor-element elementor-element-b9b2a6d\" data-id=\"b9b2a6d\" data-element_type=\"column\" data-e-type=\"column\">\n\t\t\t<div class=\"elementor-widget-wrap elementor-element-populated\">\n\t\t\t\t\t\t<div class=\"elementor-element elementor-element-06d68a6 elementor-widget elementor-widget-image\" data-id=\"06d68a6\" data-element_type=\"widget\" data-e-type=\"widget\" data-widget_type=\"image.default\">\n\t\t\t\t<div class=\"elementor-widget-container\">\n\t\t\t\t\t\t\t\t\t\t\t\t<figure class=\"wp-caption\">\n\t\t\t\t\t\t\t\t\t\t\t<a href=\"https:\/\/dauridiogo.com\/index.php\/trabalhos-fluidos-abstratos\/\">\n\t\t\t\t\t\t\t<img decoding=\"async\" width=\"1024\" height=\"1022\" src=\"https:\/\/dauridiogo.com\/wp-content\/uploads\/2022\/03\/Cores_espelhadas-1024x1022.jpg\" class=\"attachment-large size-large wp-image-1001\" alt=\"Cores Espelhadas\" srcset=\"https:\/\/dauridiogo.com\/wp-content\/uploads\/2022\/03\/Cores_espelhadas-1024x1022.jpg 1024w, https:\/\/dauridiogo.com\/wp-content\/uploads\/2022\/03\/Cores_espelhadas-300x300.jpg 300w, https:\/\/dauridiogo.com\/wp-content\/uploads\/2022\/03\/Cores_espelhadas-150x150.jpg 150w, https:\/\/dauridiogo.com\/wp-content\/uploads\/2022\/03\/Cores_espelhadas-768x767.jpg 768w, https:\/\/dauridiogo.com\/wp-content\/uploads\/2022\/03\/Cores_espelhadas-1536x1533.jpg 1536w, https:\/\/dauridiogo.com\/wp-content\/uploads\/2022\/03\/Cores_espelhadas-2048x2044.jpg 2048w, https:\/\/dauridiogo.com\/wp-content\/uploads\/2022\/03\/Cores_espelhadas-600x599.jpg 600w, https:\/\/dauridiogo.com\/wp-content\/uploads\/2022\/03\/Cores_espelhadas-100x100.jpg 100w\" sizes=\"(max-width: 1024px) 100vw, 1024px\" \/>\t\t\t\t\t\t\t\t<\/a>\n\t\t\t\t\t\t\t\t\t\t\t<figcaption class=\"widget-image-caption wp-caption-text\">Abstratos<\/figcaption>\n\t\t\t\t\t\t\t\t\t\t<\/figure>\n\t\t\t\t\t\t\t\t\t<\/div>\n\t\t\t\t<\/div>\n\t\t\t\t\t<\/div>\n\t\t<\/div>\n\t\t\t\t<div class=\"elementor-column elementor-col-33 elementor-top-column elementor-element elementor-element-c28b57e\" data-id=\"c28b57e\" data-element_type=\"column\" data-e-type=\"column\">\n\t\t\t<div class=\"elementor-widget-wrap elementor-element-populated\">\n\t\t\t\t\t\t<div class=\"elementor-element elementor-element-2e09044 elementor-widget elementor-widget-image\" data-id=\"2e09044\" data-element_type=\"widget\" data-e-type=\"widget\" data-widget_type=\"image.default\">\n\t\t\t\t<div class=\"elementor-widget-container\">\n\t\t\t\t\t\t\t\t\t\t\t\t<figure class=\"wp-caption\">\n\t\t\t\t\t\t\t\t\t\t\t<a href=\"https:\/\/dauridiogo.com\/index.php\/design-grafico\/\">\n\t\t\t\t\t\t\t<img loading=\"lazy\" decoding=\"async\" width=\"1000\" height=\"1000\" src=\"https:\/\/dauridiogo.com\/wp-content\/uploads\/2022\/04\/pontos_coloridos.jpg\" class=\"attachment-large size-large wp-image-1150\" alt=\"Pontos Coloridos\" srcset=\"https:\/\/dauridiogo.com\/wp-content\/uploads\/2022\/04\/pontos_coloridos.jpg 1000w, https:\/\/dauridiogo.com\/wp-content\/uploads\/2022\/04\/pontos_coloridos-300x300.jpg 300w, https:\/\/dauridiogo.com\/wp-content\/uploads\/2022\/04\/pontos_coloridos-150x150.jpg 150w, https:\/\/dauridiogo.com\/wp-content\/uploads\/2022\/04\/pontos_coloridos-768x768.jpg 768w, https:\/\/dauridiogo.com\/wp-content\/uploads\/2022\/04\/pontos_coloridos-600x600.jpg 600w, https:\/\/dauridiogo.com\/wp-content\/uploads\/2022\/04\/pontos_coloridos-100x100.jpg 100w\" sizes=\"(max-width: 1000px) 100vw, 1000px\" \/>\t\t\t\t\t\t\t\t<\/a>\n\t\t\t\t\t\t\t\t\t\t\t<figcaption class=\"widget-image-caption wp-caption-text\">Design Gr\u00e1fico<\/figcaption>\n\t\t\t\t\t\t\t\t\t\t<\/figure>\n\t\t\t\t\t\t\t\t\t<\/div>\n\t\t\t\t<\/div>\n\t\t\t\t\t<\/div>\n\t\t<\/div>\n\t\t\t\t\t<\/div>\n\t\t<\/section>\n\t\t\t\t<\/div>\n\t\t","protected":false},"excerpt":{"rendered":"<p>Dauri Diogo A arte \u00e9 a comunh\u00e3o do homem consigo mesmo, e conseq\u00fcentemente com o pr\u00f3ximo. Explore Minha Arte. A \u00fanica barreira da arte \u00e9 a sensibilidade. Categorias Viaje em Formas e Cores. Geom\u00e9tricos Abstratos Design Gr\u00e1fico<\/p>\n","protected":false},"author":1,"featured_media":0,"parent":0,"menu_order":0,"comment_status":"closed","ping_status":"closed","template":"","meta":{"om_disable_all_campaigns":false,"_monsterinsights_skip_tracking":false,"_monsterinsights_sitenote_active":false,"_monsterinsights_sitenote_note":"","_monsterinsights_sitenote_category":0,"_uf_show_specific_survey":0,"_uf_disable_surveys":false,"site-sidebar-layout":"no-sidebar","site-content-layout":"page-builder","ast-site-content-layout":"default","site-content-style":"default","site-sidebar-style":"default","ast-global-header-display":"","ast-banner-title-visibility":"","ast-main-header-display":"","ast-hfb-above-header-display":"","ast-hfb-below-header-display":"","ast-hfb-mobile-header-display":"","site-post-title":"disabled","ast-breadcrumbs-content":"","ast-featured-img":"disabled","footer-sml-layout":"","ast-disable-related-posts":"","theme-transparent-header-meta":"default","adv-header-id-meta":"","stick-header-meta":"","header-above-stick-meta":"","header-main-stick-meta":"","header-below-stick-meta":"","astra-migrate-meta-layouts":"default","ast-page-background-enabled":"default","ast-page-background-meta":{"desktop":{"background-color":"","background-image":"","background-repeat":"repeat","background-position":"center center","background-size":"auto","background-attachment":"scroll","background-type":"","background-media":"","overlay-type":"","overlay-color":"","overlay-opacity":"","overlay-gradient":""},"tablet":{"background-color":"","background-image":"","background-repeat":"repeat","background-position":"center center","background-size":"auto","background-attachment":"scroll","background-type":"","background-media":"","overlay-type":"","overlay-color":"","overlay-opacity":"","overlay-gradient":""},"mobile":{"background-color":"","background-image":"","background-repeat":"repeat","background-position":"center center","background-size":"auto","background-attachment":"scroll","background-type":"","background-media":"","overlay-type":"","overlay-color":"","overlay-opacity":"","overlay-gradient":""}},"ast-content-background-meta":{"desktop":{"background-color":"var(--ast-global-color-5)","background-image":"","background-repeat":"repeat","background-position":"center center","background-size":"auto","background-attachment":"scroll","background-type":"","background-media":"","overlay-type":"","overlay-color":"","overlay-opacity":"","overlay-gradient":""},"tablet":{"background-color":"var(--ast-global-color-5)","background-image":"","background-repeat":"repeat","background-position":"center center","background-size":"auto","background-attachment":"scroll","background-type":"","background-media":"","overlay-type":"","overlay-color":"","overlay-opacity":"","overlay-gradient":""},"mobile":{"background-color":"var(--ast-global-color-5)","background-image":"","background-repeat":"repeat","background-position":"center center","background-size":"auto","background-attachment":"scroll","background-type":"","background-media":"","overlay-type":"","overlay-color":"","overlay-opacity":"","overlay-gradient":""}},"footnotes":""},"class_list":["post-590","page","type-page","status-publish","hentry"],"yoast_head":"<!-- This site is optimized with the Yoast SEO plugin v27.3 - https:\/\/yoast.com\/product\/yoast-seo-wordpress\/ -->\n<title>Home &#8211; Dauri Diogo<\/title>\n<meta name=\"description\" content=\"Trabalhos do artista pl\u00e1stico contempor\u00e2neo Dauri Diogo, trabalhos para reflex\u00e3o sobre a natureza e o ser humano.\" \/>\n<meta name=\"robots\" content=\"index, follow, max-snippet:-1, max-image-preview:large, max-video-preview:-1\" \/>\n<link rel=\"canonical\" href=\"https:\/\/dauridiogo.com\/\" \/>\n<meta property=\"og:locale\" content=\"pt_BR\" \/>\n<meta property=\"og:type\" content=\"article\" \/>\n<meta property=\"og:title\" content=\"Home &#8211; Dauri Diogo\" \/>\n<meta property=\"og:description\" content=\"Trabalhos do artista pl\u00e1stico contempor\u00e2neo Dauri Diogo, trabalhos para reflex\u00e3o sobre a natureza e o ser humano.\" \/>\n<meta property=\"og:url\" content=\"https:\/\/dauridiogo.com\/\" \/>\n<meta property=\"og:site_name\" content=\"Dauri Diogo\" \/>\n<meta property=\"article:publisher\" content=\"https:\/\/facebook.com\/dauridiogo\" \/>\n<meta property=\"article:modified_time\" content=\"2022-04-12T03:58:32+00:00\" \/>\n<meta property=\"og:image\" content=\"https:\/\/dauridiogo.com\/wp-content\/uploads\/2022\/03\/sobre_mim_dauri_diogo.jpg\" \/>\n<meta name=\"twitter:card\" content=\"summary_large_image\" \/>\n<meta name=\"twitter:site\" content=\"@dauridiogo\" \/>\n<meta name=\"twitter:label1\" content=\"Est. tempo de leitura\" \/>\n\t<meta name=\"twitter:data1\" content=\"2 minutos\" \/>\n<script type=\"application\/ld+json\" class=\"yoast-schema-graph\">{\"@context\":\"https:\\\/\\\/schema.org\",\"@graph\":[{\"@type\":\"WebPage\",\"@id\":\"https:\\\/\\\/dauridiogo.com\\\/\",\"url\":\"https:\\\/\\\/dauridiogo.com\\\/\",\"name\":\"Home &#8211; Dauri Diogo\",\"isPartOf\":{\"@id\":\"https:\\\/\\\/dauridiogo.com\\\/#website\"},\"primaryImageOfPage\":{\"@id\":\"https:\\\/\\\/dauridiogo.com\\\/#primaryimage\"},\"image\":{\"@id\":\"https:\\\/\\\/dauridiogo.com\\\/#primaryimage\"},\"thumbnailUrl\":\"https:\\\/\\\/dauridiogo.com\\\/wp-content\\\/uploads\\\/2022\\\/03\\\/sobre_mim_dauri_diogo.jpg\",\"datePublished\":\"2017-12-13T08:37:41+00:00\",\"dateModified\":\"2022-04-12T03:58:32+00:00\",\"description\":\"Trabalhos do artista pl\u00e1stico contempor\u00e2neo Dauri Diogo, trabalhos para reflex\u00e3o sobre a natureza e o ser humano.\",\"breadcrumb\":{\"@id\":\"https:\\\/\\\/dauridiogo.com\\\/#breadcrumb\"},\"inLanguage\":\"pt-BR\",\"potentialAction\":[{\"@type\":\"ReadAction\",\"target\":[\"https:\\\/\\\/dauridiogo.com\\\/\"]}]},{\"@type\":\"ImageObject\",\"inLanguage\":\"pt-BR\",\"@id\":\"https:\\\/\\\/dauridiogo.com\\\/#primaryimage\",\"url\":\"https:\\\/\\\/dauridiogo.com\\\/wp-content\\\/uploads\\\/2022\\\/03\\\/sobre_mim_dauri_diogo.jpg\",\"contentUrl\":\"https:\\\/\\\/dauridiogo.com\\\/wp-content\\\/uploads\\\/2022\\\/03\\\/sobre_mim_dauri_diogo.jpg\",\"width\":800,\"height\":979,\"caption\":\"Dauri Diogo\"},{\"@type\":\"BreadcrumbList\",\"@id\":\"https:\\\/\\\/dauridiogo.com\\\/#breadcrumb\",\"itemListElement\":[{\"@type\":\"ListItem\",\"position\":1,\"name\":\"In\u00edcio\",\"item\":\"https:\\\/\\\/dauridiogo.com\\\/\"},{\"@type\":\"ListItem\",\"position\":2,\"name\":\"Home\"}]},{\"@type\":\"WebSite\",\"@id\":\"https:\\\/\\\/dauridiogo.com\\\/#website\",\"url\":\"https:\\\/\\\/dauridiogo.com\\\/\",\"name\":\"Dauri Diogo\",\"description\":\"Pinturas e m\u00fasicas do artista pl\u00e1stico Dauri Diogo\",\"publisher\":{\"@id\":\"https:\\\/\\\/dauridiogo.com\\\/#\\\/schema\\\/person\\\/0fa33063310f8559124886f7e3c276a7\"},\"potentialAction\":[{\"@type\":\"SearchAction\",\"target\":{\"@type\":\"EntryPoint\",\"urlTemplate\":\"https:\\\/\\\/dauridiogo.com\\\/?s={search_term_string}\"},\"query-input\":{\"@type\":\"PropertyValueSpecification\",\"valueRequired\":true,\"valueName\":\"search_term_string\"}}],\"inLanguage\":\"pt-BR\"},{\"@type\":[\"Person\",\"Organization\"],\"@id\":\"https:\\\/\\\/dauridiogo.com\\\/#\\\/schema\\\/person\\\/0fa33063310f8559124886f7e3c276a7\",\"name\":\"dauridiogo\",\"image\":{\"@type\":\"ImageObject\",\"inLanguage\":\"pt-BR\",\"@id\":\"https:\\\/\\\/dauridiogo.com\\\/wp-content\\\/uploads\\\/2022\\\/03\\\/sobre_mim_dauri_diogo.jpg\",\"url\":\"https:\\\/\\\/dauridiogo.com\\\/wp-content\\\/uploads\\\/2022\\\/03\\\/sobre_mim_dauri_diogo.jpg\",\"contentUrl\":\"https:\\\/\\\/dauridiogo.com\\\/wp-content\\\/uploads\\\/2022\\\/03\\\/sobre_mim_dauri_diogo.jpg\",\"width\":800,\"height\":979,\"caption\":\"dauridiogo\"},\"logo\":{\"@id\":\"https:\\\/\\\/dauridiogo.com\\\/wp-content\\\/uploads\\\/2022\\\/03\\\/sobre_mim_dauri_diogo.jpg\"},\"description\":\"Artista pl\u00e1stico paulista radicado na Bahia. Artista apreciador da arte e boas informa\u00e7\u00f5es culturais.\",\"sameAs\":[\"https:\\\/\\\/dauridiogo.com\",\"https:\\\/\\\/facebook.com\\\/dauridiogo\",\"https:\\\/\\\/www.instagram.com\\\/dauridiogo\",\"https:\\\/\\\/www.linkedin.com\\\/in\\\/dauri-diogo-82980754\\\/\",\"https:\\\/\\\/pinterest.com\\\/dauridigo\",\"https:\\\/\\\/x.com\\\/dauridiogo\",\"https:\\\/\\\/www.youtube.com\\\/user\\\/dauridiogo\"]}]}<\/script>\n<!-- \/ Yoast SEO plugin. -->","yoast_head_json":{"title":"Home &#8211; Dauri Diogo","description":"Trabalhos do artista pl\u00e1stico contempor\u00e2neo Dauri Diogo, trabalhos para reflex\u00e3o sobre a natureza e o ser humano.","robots":{"index":"index","follow":"follow","max-snippet":"max-snippet:-1","max-image-preview":"max-image-preview:large","max-video-preview":"max-video-preview:-1"},"canonical":"https:\/\/dauridiogo.com\/","og_locale":"pt_BR","og_type":"article","og_title":"Home &#8211; Dauri Diogo","og_description":"Trabalhos do artista pl\u00e1stico contempor\u00e2neo Dauri Diogo, trabalhos para reflex\u00e3o sobre a natureza e o ser humano.","og_url":"https:\/\/dauridiogo.com\/","og_site_name":"Dauri Diogo","article_publisher":"https:\/\/facebook.com\/dauridiogo","article_modified_time":"2022-04-12T03:58:32+00:00","og_image":[{"url":"https:\/\/dauridiogo.com\/wp-content\/uploads\/2022\/03\/sobre_mim_dauri_diogo.jpg","type":"","width":"","height":""}],"twitter_card":"summary_large_image","twitter_site":"@dauridiogo","twitter_misc":{"Est. tempo de leitura":"2 minutos"},"schema":{"@context":"https:\/\/schema.org","@graph":[{"@type":"WebPage","@id":"https:\/\/dauridiogo.com\/","url":"https:\/\/dauridiogo.com\/","name":"Home &#8211; Dauri Diogo","isPartOf":{"@id":"https:\/\/dauridiogo.com\/#website"},"primaryImageOfPage":{"@id":"https:\/\/dauridiogo.com\/#primaryimage"},"image":{"@id":"https:\/\/dauridiogo.com\/#primaryimage"},"thumbnailUrl":"https:\/\/dauridiogo.com\/wp-content\/uploads\/2022\/03\/sobre_mim_dauri_diogo.jpg","datePublished":"2017-12-13T08:37:41+00:00","dateModified":"2022-04-12T03:58:32+00:00","description":"Trabalhos do artista pl\u00e1stico contempor\u00e2neo Dauri Diogo, trabalhos para reflex\u00e3o sobre a natureza e o ser humano.","breadcrumb":{"@id":"https:\/\/dauridiogo.com\/#breadcrumb"},"inLanguage":"pt-BR","potentialAction":[{"@type":"ReadAction","target":["https:\/\/dauridiogo.com\/"]}]},{"@type":"ImageObject","inLanguage":"pt-BR","@id":"https:\/\/dauridiogo.com\/#primaryimage","url":"https:\/\/dauridiogo.com\/wp-content\/uploads\/2022\/03\/sobre_mim_dauri_diogo.jpg","contentUrl":"https:\/\/dauridiogo.com\/wp-content\/uploads\/2022\/03\/sobre_mim_dauri_diogo.jpg","width":800,"height":979,"caption":"Dauri Diogo"},{"@type":"BreadcrumbList","@id":"https:\/\/dauridiogo.com\/#breadcrumb","itemListElement":[{"@type":"ListItem","position":1,"name":"In\u00edcio","item":"https:\/\/dauridiogo.com\/"},{"@type":"ListItem","position":2,"name":"Home"}]},{"@type":"WebSite","@id":"https:\/\/dauridiogo.com\/#website","url":"https:\/\/dauridiogo.com\/","name":"Dauri Diogo","description":"Pinturas e m\u00fasicas do artista pl\u00e1stico Dauri Diogo","publisher":{"@id":"https:\/\/dauridiogo.com\/#\/schema\/person\/0fa33063310f8559124886f7e3c276a7"},"potentialAction":[{"@type":"SearchAction","target":{"@type":"EntryPoint","urlTemplate":"https:\/\/dauridiogo.com\/?s={search_term_string}"},"query-input":{"@type":"PropertyValueSpecification","valueRequired":true,"valueName":"search_term_string"}}],"inLanguage":"pt-BR"},{"@type":["Person","Organization"],"@id":"https:\/\/dauridiogo.com\/#\/schema\/person\/0fa33063310f8559124886f7e3c276a7","name":"dauridiogo","image":{"@type":"ImageObject","inLanguage":"pt-BR","@id":"https:\/\/dauridiogo.com\/wp-content\/uploads\/2022\/03\/sobre_mim_dauri_diogo.jpg","url":"https:\/\/dauridiogo.com\/wp-content\/uploads\/2022\/03\/sobre_mim_dauri_diogo.jpg","contentUrl":"https:\/\/dauridiogo.com\/wp-content\/uploads\/2022\/03\/sobre_mim_dauri_diogo.jpg","width":800,"height":979,"caption":"dauridiogo"},"logo":{"@id":"https:\/\/dauridiogo.com\/wp-content\/uploads\/2022\/03\/sobre_mim_dauri_diogo.jpg"},"description":"Artista pl\u00e1stico paulista radicado na Bahia. Artista apreciador da arte e boas informa\u00e7\u00f5es culturais.","sameAs":["https:\/\/dauridiogo.com","https:\/\/facebook.com\/dauridiogo","https:\/\/www.instagram.com\/dauridiogo","https:\/\/www.linkedin.com\/in\/dauri-diogo-82980754\/","https:\/\/pinterest.com\/dauridigo","https:\/\/x.com\/dauridiogo","https:\/\/www.youtube.com\/user\/dauridiogo"]}]}},"_links":{"self":[{"href":"https:\/\/dauridiogo.com\/index.php\/wp-json\/wp\/v2\/pages\/590","targetHints":{"allow":["GET"]}}],"collection":[{"href":"https:\/\/dauridiogo.com\/index.php\/wp-json\/wp\/v2\/pages"}],"about":[{"href":"https:\/\/dauridiogo.com\/index.php\/wp-json\/wp\/v2\/types\/page"}],"author":[{"embeddable":true,"href":"https:\/\/dauridiogo.com\/index.php\/wp-json\/wp\/v2\/users\/1"}],"replies":[{"embeddable":true,"href":"https:\/\/dauridiogo.com\/index.php\/wp-json\/wp\/v2\/comments?post=590"}],"version-history":[{"count":57,"href":"https:\/\/dauridiogo.com\/index.php\/wp-json\/wp\/v2\/pages\/590\/revisions"}],"predecessor-version":[{"id":1567,"href":"https:\/\/dauridiogo.com\/index.php\/wp-json\/wp\/v2\/pages\/590\/revisions\/1567"}],"wp:attachment":[{"href":"https:\/\/dauridiogo.com\/index.php\/wp-json\/wp\/v2\/media?parent=590"}],"curies":[{"name":"wp","href":"https:\/\/api.w.org\/{rel}","templated":true}]}}