{"id":591,"date":"2017-12-13T08:37:50","date_gmt":"2017-12-13T08:37:50","guid":{"rendered":"https:\/\/dauridiogo.com\/index.php\/about-me\/"},"modified":"2022-04-12T03:45:58","modified_gmt":"2022-04-12T03:45:58","slug":"sobre-mim","status":"publish","type":"page","link":"https:\/\/dauridiogo.com\/index.php\/sobre-mim\/","title":{"rendered":"Sobre Mim"},"content":{"rendered":"\t\t<div data-elementor-type=\"wp-post\" data-elementor-id=\"591\" class=\"elementor elementor-591\">\n\t\t\t\t\t\t<section class=\"elementor-section elementor-top-section elementor-element elementor-element-0f84f92 elementor-section-boxed elementor-section-height-default elementor-section-height-default\" data-id=\"0f84f92\" data-element_type=\"section\" data-e-type=\"section\">\n\t\t\t\t\t\t<div class=\"elementor-container elementor-column-gap-default\">\n\t\t\t\t\t<div class=\"elementor-column elementor-col-100 elementor-top-column elementor-element elementor-element-569e956\" data-id=\"569e956\" data-element_type=\"column\" data-e-type=\"column\">\n\t\t\t<div class=\"elementor-widget-wrap elementor-element-populated\">\n\t\t\t\t\t\t<div class=\"elementor-element elementor-element-f5fc4a9 elementor-widget elementor-widget-heading\" data-id=\"f5fc4a9\" data-element_type=\"widget\" data-e-type=\"widget\" data-widget_type=\"heading.default\">\n\t\t\t\t<div class=\"elementor-widget-container\">\n\t\t\t\t\t<h2 class=\"elementor-heading-title elementor-size-default\">Sobre Mim<\/h2>\t\t\t\t<\/div>\n\t\t\t\t<\/div>\n\t\t\t\t\t<\/div>\n\t\t<\/div>\n\t\t\t\t\t<\/div>\n\t\t<\/section>\n\t\t\t\t<section class=\"elementor-section elementor-top-section elementor-element elementor-element-1582c1f elementor-section-boxed elementor-section-height-default elementor-section-height-default\" data-id=\"1582c1f\" data-element_type=\"section\" data-e-type=\"section\" data-settings=\"{&quot;background_background&quot;:&quot;gradient&quot;}\">\n\t\t\t\t\t\t<div class=\"elementor-container elementor-column-gap-default\">\n\t\t\t\t\t<div class=\"elementor-column elementor-col-50 elementor-top-column elementor-element elementor-element-9e47264\" data-id=\"9e47264\" data-element_type=\"column\" data-e-type=\"column\">\n\t\t\t<div class=\"elementor-widget-wrap elementor-element-populated\">\n\t\t\t\t\t\t<div class=\"elementor-element elementor-element-eb5c8e9 elementor-widget elementor-widget-image\" data-id=\"eb5c8e9\" data-element_type=\"widget\" data-e-type=\"widget\" data-widget_type=\"image.default\">\n\t\t\t\t<div class=\"elementor-widget-container\">\n\t\t\t\t\t\t\t\t\t\t\t\t\t\t\t<img fetchpriority=\"high\" decoding=\"async\" width=\"440\" height=\"300\" src=\"https:\/\/dauridiogo.com\/wp-content\/uploads\/2022\/04\/atelier.jpg\" class=\"attachment-large size-large wp-image-1218\" alt=\"Atelier Dauri Diogo\" srcset=\"https:\/\/dauridiogo.com\/wp-content\/uploads\/2022\/04\/atelier.jpg 440w, https:\/\/dauridiogo.com\/wp-content\/uploads\/2022\/04\/atelier-300x205.jpg 300w\" sizes=\"(max-width: 440px) 100vw, 440px\" \/>\t\t\t\t\t\t\t\t\t\t\t\t\t\t\t<\/div>\n\t\t\t\t<\/div>\n\t\t\t\t<div class=\"elementor-element elementor-element-cff9650 elementor-widget elementor-widget-text-editor\" data-id=\"cff9650\" data-element_type=\"widget\" data-e-type=\"widget\" data-widget_type=\"text-editor.default\">\n\t\t\t\t<div class=\"elementor-widget-container\">\n\t\t\t\t\t\t\t\t\t<p>Arte agu\u00e7a a criatividade do ser humano, e eleva a sensibilidade.<\/p>\t\t\t\t\t\t\t\t<\/div>\n\t\t\t\t<\/div>\n\t\t\t\t\t<\/div>\n\t\t<\/div>\n\t\t\t\t<div class=\"elementor-column elementor-col-50 elementor-top-column elementor-element elementor-element-b70feff\" data-id=\"b70feff\" data-element_type=\"column\" data-e-type=\"column\">\n\t\t\t<div class=\"elementor-widget-wrap elementor-element-populated\">\n\t\t\t\t\t\t<section class=\"elementor-section elementor-inner-section elementor-element elementor-element-8fcf17a elementor-section-boxed elementor-section-height-default elementor-section-height-default\" data-id=\"8fcf17a\" data-element_type=\"section\" data-e-type=\"section\">\n\t\t\t\t\t\t<div class=\"elementor-container elementor-column-gap-default\">\n\t\t\t\t\t<div class=\"elementor-column elementor-col-100 elementor-inner-column elementor-element elementor-element-6dfcad0\" data-id=\"6dfcad0\" data-element_type=\"column\" data-e-type=\"column\">\n\t\t\t<div class=\"elementor-widget-wrap elementor-element-populated\">\n\t\t\t\t\t\t<div class=\"elementor-element elementor-element-d8ce91c elementor-widget elementor-widget-text-editor\" data-id=\"d8ce91c\" data-element_type=\"widget\" data-e-type=\"widget\" data-widget_type=\"text-editor.default\">\n\t\t\t\t<div class=\"elementor-widget-container\">\n\t\t\t\t\t\t\t\t\t<h3>Dauri Nei Diogo &#8211; Nasc. 1956 &#8211;\u00a0 Dracena SP &#8211; Brasil<\/h3>\t\t\t\t\t\t\t\t<\/div>\n\t\t\t\t<\/div>\n\t\t\t\t<div class=\"elementor-element elementor-element-87a508a elementor-widget elementor-widget-text-editor\" data-id=\"87a508a\" data-element_type=\"widget\" data-e-type=\"widget\" data-widget_type=\"text-editor.default\">\n\t\t\t\t<div class=\"elementor-widget-container\">\n\t\t\t\t\t\t\t\t\t<h4>Artista Pl\u00e1stico e Letrista<br \/>Membro atuante da vida cultural e art\u00edstica da Bahia<\/h4>\t\t\t\t\t\t\t\t<\/div>\n\t\t\t\t<\/div>\n\t\t\t\t<div class=\"elementor-element elementor-element-662ccb9 elementor-widget elementor-widget-text-editor\" data-id=\"662ccb9\" data-element_type=\"widget\" data-e-type=\"widget\" data-widget_type=\"text-editor.default\">\n\t\t\t\t<div class=\"elementor-widget-container\">\n\t\t\t\t\t\t\t\t\t<p>Curso de pintura acad\u00eamica com o professor Luiz Louren\u00e7o. 2 anos 92\/94.<\/p><p>Curso no museu de Arte Moderna da Bahia de 90 hs. 1996 .<\/p><p>Obra no acervo do Latin Americam Art Museum \u2013 USA<\/p><p>Artista catalogado no livro &#8211; Imago Mundi &#8211; Brazil: Land of the Future \u2013 Contemporary Artists from Brazil &#8211; Funda\u00e7\u00e3o Luciano Benetton &#8211; Italia<\/p><p>Participou de diversas exposi\u00e7\u00f5es individuais e coletivas no Brasil e no exterior.<\/p><p>Possui obras com v\u00e1rios colecionadores do Brasil e de v\u00e1rios pa\u00edses .<\/p><p>Possui mais de 40 m\u00fasicas, feitas em parceria com grandes nomes da m\u00fasica baiana<\/p><p>como:<br \/>Armandinho, Jhon Wesley , Edgar de Almeida e Edu Casanova.<\/p><p>Entre as gravadas, est\u00e3o composi\u00e7\u00f5es consagradas atrav\u00e9s da Ter\u00e7a da Boa M\u00fasica patrocinado pela funda\u00e7\u00e3o cultural do Estado da Bahia.<\/p><p>Teve, com o Cd Cabe\u00e7a aprova\u00e7\u00e3o pelo Faz Cultura do Estado da Bahia { lei de incentivo a cultura }. Suas m\u00fasicas foram interpretadas por Jhon Wesley em turn\u00ea por v\u00e1rios paises da Europa, obtiveram o reconhecimento de cr\u00edtica e publico.<\/p>\t\t\t\t\t\t\t\t<\/div>\n\t\t\t\t<\/div>\n\t\t\t\t\t<\/div>\n\t\t<\/div>\n\t\t\t\t\t<\/div>\n\t\t<\/section>\n\t\t\t\t\t<\/div>\n\t\t<\/div>\n\t\t\t\t\t<\/div>\n\t\t<\/section>\n\t\t\t\t<section class=\"elementor-section elementor-top-section elementor-element elementor-element-413ab4b elementor-section-boxed elementor-section-height-default elementor-section-height-default\" data-id=\"413ab4b\" data-element_type=\"section\" data-e-type=\"section\">\n\t\t\t\t\t\t<div class=\"elementor-container elementor-column-gap-default\">\n\t\t\t\t\t<div class=\"elementor-column elementor-col-50 elementor-top-column elementor-element elementor-element-5fd0f7e\" data-id=\"5fd0f7e\" data-element_type=\"column\" data-e-type=\"column\">\n\t\t\t<div class=\"elementor-widget-wrap elementor-element-populated\">\n\t\t\t\t\t\t<div class=\"elementor-element elementor-element-a61c810 elementor-widget elementor-widget-text-editor\" data-id=\"a61c810\" data-element_type=\"widget\" data-e-type=\"widget\" data-widget_type=\"text-editor.default\">\n\t\t\t\t<div class=\"elementor-widget-container\">\n\t\t\t\t\t\t\t\t\t<h3>\u201c\u00c9 na arte que o homem se ultrapassa definitivamente\u201d.<br \/>Simone de Beauvoir (1908), Privil\u00e9gios.<\/h3><p>C\u2019este dans l\u2019Art que l\u2019homme se d\u00e9passe definitivemente lui-m\u00eame.<\/p>\t\t\t\t\t\t\t\t<\/div>\n\t\t\t\t<\/div>\n\t\t\t\t\t<\/div>\n\t\t<\/div>\n\t\t\t\t<div class=\"elementor-column elementor-col-50 elementor-top-column elementor-element elementor-element-aefa176\" data-id=\"aefa176\" data-element_type=\"column\" data-e-type=\"column\">\n\t\t\t<div class=\"elementor-widget-wrap elementor-element-populated\">\n\t\t\t\t\t\t<div class=\"elementor-element elementor-element-cedf2fa elementor-arrows-position-inside elementor-pagination-position-outside elementor-widget elementor-widget-image-carousel\" data-id=\"cedf2fa\" data-element_type=\"widget\" data-e-type=\"widget\" data-settings=\"{&quot;navigation&quot;:&quot;both&quot;,&quot;autoplay&quot;:&quot;yes&quot;,&quot;pause_on_hover&quot;:&quot;yes&quot;,&quot;pause_on_interaction&quot;:&quot;yes&quot;,&quot;autoplay_speed&quot;:5000,&quot;infinite&quot;:&quot;yes&quot;,&quot;speed&quot;:500}\" data-widget_type=\"image-carousel.default\">\n\t\t\t\t<div class=\"elementor-widget-container\">\n\t\t\t\t\t\t\t<div class=\"elementor-image-carousel-wrapper swiper\" role=\"region\" aria-roledescription=\"carousel\" aria-label=\"Carrossel de imagens\" dir=\"ltr\">\n\t\t\t<div class=\"elementor-image-carousel swiper-wrapper\" aria-live=\"off\">\n\t\t\t\t\t\t\t\t<div class=\"swiper-slide\" role=\"group\" aria-roledescription=\"slide\" aria-label=\"1 de 10\"><figure class=\"swiper-slide-inner\"><img decoding=\"async\" class=\"swiper-slide-image\" src=\"https:\/\/dauridiogo.com\/wp-content\/uploads\/2022\/03\/infinito-150x150.jpg\" alt=\"Infinito, \u00f3leo sobre tela\" \/><\/figure><\/div><div class=\"swiper-slide\" role=\"group\" aria-roledescription=\"slide\" aria-label=\"2 de 10\"><figure class=\"swiper-slide-inner\"><img decoding=\"async\" class=\"swiper-slide-image\" src=\"https:\/\/dauridiogo.com\/wp-content\/uploads\/2022\/03\/equilibrio_geometrico-150x150.jpg\" alt=\"Equil\u00edbrio Geom\u00e9trico\" \/><\/figure><\/div><div class=\"swiper-slide\" role=\"group\" aria-roledescription=\"slide\" aria-label=\"3 de 10\"><figure class=\"swiper-slide-inner\"><img decoding=\"async\" class=\"swiper-slide-image\" src=\"https:\/\/dauridiogo.com\/wp-content\/uploads\/2022\/03\/arte_para_arte-150x150.jpg\" alt=\"Arte Para Arte\" \/><\/figure><\/div><div class=\"swiper-slide\" role=\"group\" aria-roledescription=\"slide\" aria-label=\"4 de 10\"><figure class=\"swiper-slide-inner\"><img decoding=\"async\" class=\"swiper-slide-image\" src=\"https:\/\/dauridiogo.com\/wp-content\/uploads\/2022\/03\/igreja_pagador_de_promessas-150x150.jpg\" alt=\"Igreja o Pagador de Promessas\" \/><\/figure><\/div><div class=\"swiper-slide\" role=\"group\" aria-roledescription=\"slide\" aria-label=\"5 de 10\"><figure class=\"swiper-slide-inner\"><img decoding=\"async\" class=\"swiper-slide-image\" src=\"https:\/\/dauridiogo.com\/wp-content\/uploads\/2022\/03\/geometria_em_cores-1-150x150.jpg\" alt=\"Geometria em Cores\" \/><\/figure><\/div><div class=\"swiper-slide\" role=\"group\" aria-roledescription=\"slide\" aria-label=\"6 de 10\"><figure class=\"swiper-slide-inner\"><img decoding=\"async\" class=\"swiper-slide-image\" src=\"https:\/\/dauridiogo.com\/wp-content\/uploads\/2022\/03\/DSC_000911-150x150.jpg\" alt=\"Bailarina\" \/><\/figure><\/div><div class=\"swiper-slide\" role=\"group\" aria-roledescription=\"slide\" aria-label=\"7 de 10\"><figure class=\"swiper-slide-inner\"><img decoding=\"async\" class=\"swiper-slide-image\" src=\"https:\/\/dauridiogo.com\/wp-content\/uploads\/2022\/03\/fachada_barroca_pelourinho-150x150.jpg\" alt=\"Fachada Barroca\" \/><\/figure><\/div><div class=\"swiper-slide\" role=\"group\" aria-roledescription=\"slide\" aria-label=\"8 de 10\"><figure class=\"swiper-slide-inner\"><img decoding=\"async\" class=\"swiper-slide-image\" src=\"https:\/\/dauridiogo.com\/wp-content\/uploads\/2022\/03\/janela_barroca-150x150.jpg\" alt=\"Janela Barroca\" \/><\/figure><\/div><div class=\"swiper-slide\" role=\"group\" aria-roledescription=\"slide\" aria-label=\"9 de 10\"><figure class=\"swiper-slide-inner\"><img decoding=\"async\" class=\"swiper-slide-image\" src=\"https:\/\/dauridiogo.com\/wp-content\/uploads\/2022\/03\/Explosao_de_cores_na_floresta-150x150.jpg\" alt=\"Cores Da Primavera\" \/><\/figure><\/div><div class=\"swiper-slide\" role=\"group\" aria-roledescription=\"slide\" aria-label=\"10 de 10\"><figure class=\"swiper-slide-inner\"><img decoding=\"async\" class=\"swiper-slide-image\" src=\"https:\/\/dauridiogo.com\/wp-content\/uploads\/2022\/03\/Cores_espelhadas-150x150.jpg\" alt=\"Cores Espelhadas\" \/><\/figure><\/div>\t\t\t<\/div>\n\t\t\t\t\t\t\t\t\t\t\t\t<div class=\"elementor-swiper-button elementor-swiper-button-prev\" role=\"button\" tabindex=\"0\">\n\t\t\t\t\t\t<i aria-hidden=\"true\" class=\"eicon-chevron-left\"><\/i>\t\t\t\t\t<\/div>\n\t\t\t\t\t<div class=\"elementor-swiper-button elementor-swiper-button-next\" role=\"button\" tabindex=\"0\">\n\t\t\t\t\t\t<i aria-hidden=\"true\" class=\"eicon-chevron-right\"><\/i>\t\t\t\t\t<\/div>\n\t\t\t\t\n\t\t\t\t\t\t\t\t\t<div class=\"swiper-pagination\"><\/div>\n\t\t\t\t\t\t\t\t\t<\/div>\n\t\t\t\t\t\t<\/div>\n\t\t\t\t<\/div>\n\t\t\t\t\t<\/div>\n\t\t<\/div>\n\t\t\t\t\t<\/div>\n\t\t<\/section>\n\t\t\t\t<\/div>\n\t\t","protected":false},"excerpt":{"rendered":"<p>Sobre Mim Arte agu\u00e7a a criatividade do ser humano, e eleva a sensibilidade. Dauri Nei Diogo &#8211; Nasc. 1956 &#8211;\u00a0 Dracena SP &#8211; Brasil Artista Pl\u00e1stico e LetristaMembro atuante da vida cultural e art\u00edstica da Bahia Curso de pintura acad\u00eamica com o professor Luiz Louren\u00e7o. 2 anos 92\/94. Curso no museu de Arte Moderna da [&hellip;]<\/p>\n","protected":false},"author":1,"featured_media":0,"parent":0,"menu_order":0,"comment_status":"closed","ping_status":"closed","template":"","meta":{"om_disable_all_campaigns":false,"_monsterinsights_skip_tracking":false,"_monsterinsights_sitenote_active":false,"_monsterinsights_sitenote_note":"","_monsterinsights_sitenote_category":0,"_uf_show_specific_survey":0,"_uf_disable_surveys":false,"site-sidebar-layout":"no-sidebar","site-content-layout":"page-builder","ast-site-content-layout":"default","site-content-style":"default","site-sidebar-style":"default","ast-global-header-display":"","ast-banner-title-visibility":"","ast-main-header-display":"","ast-hfb-above-header-display":"","ast-hfb-below-header-display":"","ast-hfb-mobile-header-display":"","site-post-title":"disabled","ast-breadcrumbs-content":"","ast-featured-img":"disabled","footer-sml-layout":"","ast-disable-related-posts":"","theme-transparent-header-meta":"","adv-header-id-meta":"","stick-header-meta":"","header-above-stick-meta":"","header-main-stick-meta":"","header-below-stick-meta":"","astra-migrate-meta-layouts":"default","ast-page-background-enabled":"default","ast-page-background-meta":{"desktop":{"background-color":"","background-image":"","background-repeat":"repeat","background-position":"center center","background-size":"auto","background-attachment":"scroll","background-type":"","background-media":"","overlay-type":"","overlay-color":"","overlay-opacity":"","overlay-gradient":""},"tablet":{"background-color":"","background-image":"","background-repeat":"repeat","background-position":"center center","background-size":"auto","background-attachment":"scroll","background-type":"","background-media":"","overlay-type":"","overlay-color":"","overlay-opacity":"","overlay-gradient":""},"mobile":{"background-color":"","background-image":"","background-repeat":"repeat","background-position":"center center","background-size":"auto","background-attachment":"scroll","background-type":"","background-media":"","overlay-type":"","overlay-color":"","overlay-opacity":"","overlay-gradient":""}},"ast-content-background-meta":{"desktop":{"background-color":"var(--ast-global-color-5)","background-image":"","background-repeat":"repeat","background-position":"center center","background-size":"auto","background-attachment":"scroll","background-type":"","background-media":"","overlay-type":"","overlay-color":"","overlay-opacity":"","overlay-gradient":""},"tablet":{"background-color":"var(--ast-global-color-5)","background-image":"","background-repeat":"repeat","background-position":"center center","background-size":"auto","background-attachment":"scroll","background-type":"","background-media":"","overlay-type":"","overlay-color":"","overlay-opacity":"","overlay-gradient":""},"mobile":{"background-color":"var(--ast-global-color-5)","background-image":"","background-repeat":"repeat","background-position":"center center","background-size":"auto","background-attachment":"scroll","background-type":"","background-media":"","overlay-type":"","overlay-color":"","overlay-opacity":"","overlay-gradient":""}},"footnotes":""},"class_list":["post-591","page","type-page","status-publish","hentry"],"yoast_head":"<!-- This site is optimized with the Yoast SEO plugin v27.3 - https:\/\/yoast.com\/product\/yoast-seo-wordpress\/ -->\n<title>Sobre Mim &#8211; Dauri Diogo<\/title>\n<meta name=\"description\" content=\"Site do artista pl\u00e1stico contempor\u00e2neo Dauri Diogo, artista paulista radicado em Salvador, e membro atuante da vida cultural baiana.\" \/>\n<meta name=\"robots\" content=\"index, follow, max-snippet:-1, max-image-preview:large, max-video-preview:-1\" \/>\n<link rel=\"canonical\" href=\"https:\/\/dauridiogo.com\/index.php\/sobre-mim\/\" \/>\n<meta property=\"og:locale\" content=\"pt_BR\" \/>\n<meta property=\"og:type\" content=\"article\" \/>\n<meta property=\"og:title\" content=\"Sobre Mim &#8211; Dauri Diogo\" \/>\n<meta property=\"og:description\" content=\"Site do artista pl\u00e1stico contempor\u00e2neo Dauri Diogo, artista paulista radicado em Salvador, e membro atuante da vida cultural baiana.\" \/>\n<meta property=\"og:url\" content=\"https:\/\/dauridiogo.com\/index.php\/sobre-mim\/\" \/>\n<meta property=\"og:site_name\" content=\"Dauri Diogo\" \/>\n<meta property=\"article:publisher\" content=\"https:\/\/facebook.com\/dauridiogo\" \/>\n<meta property=\"article:modified_time\" content=\"2022-04-12T03:45:58+00:00\" \/>\n<meta property=\"og:image\" content=\"https:\/\/dauridiogo.com\/wp-content\/uploads\/2022\/04\/atelier.jpg\" \/>\n<meta name=\"twitter:card\" content=\"summary_large_image\" \/>\n<meta name=\"twitter:site\" content=\"@dauridiogo\" \/>\n<meta name=\"twitter:label1\" content=\"Est. tempo de leitura\" \/>\n\t<meta name=\"twitter:data1\" content=\"5 minutos\" \/>\n<script type=\"application\/ld+json\" class=\"yoast-schema-graph\">{\"@context\":\"https:\\\/\\\/schema.org\",\"@graph\":[{\"@type\":\"WebPage\",\"@id\":\"https:\\\/\\\/dauridiogo.com\\\/index.php\\\/sobre-mim\\\/\",\"url\":\"https:\\\/\\\/dauridiogo.com\\\/index.php\\\/sobre-mim\\\/\",\"name\":\"Sobre Mim &#8211; Dauri Diogo\",\"isPartOf\":{\"@id\":\"https:\\\/\\\/dauridiogo.com\\\/#website\"},\"primaryImageOfPage\":{\"@id\":\"https:\\\/\\\/dauridiogo.com\\\/index.php\\\/sobre-mim\\\/#primaryimage\"},\"image\":{\"@id\":\"https:\\\/\\\/dauridiogo.com\\\/index.php\\\/sobre-mim\\\/#primaryimage\"},\"thumbnailUrl\":\"https:\\\/\\\/dauridiogo.com\\\/wp-content\\\/uploads\\\/2022\\\/04\\\/atelier.jpg\",\"datePublished\":\"2017-12-13T08:37:50+00:00\",\"dateModified\":\"2022-04-12T03:45:58+00:00\",\"description\":\"Site do artista pl\u00e1stico contempor\u00e2neo Dauri Diogo, artista paulista radicado em Salvador, e membro atuante da vida cultural baiana.\",\"breadcrumb\":{\"@id\":\"https:\\\/\\\/dauridiogo.com\\\/index.php\\\/sobre-mim\\\/#breadcrumb\"},\"inLanguage\":\"pt-BR\",\"potentialAction\":[{\"@type\":\"ReadAction\",\"target\":[\"https:\\\/\\\/dauridiogo.com\\\/index.php\\\/sobre-mim\\\/\"]}]},{\"@type\":\"ImageObject\",\"inLanguage\":\"pt-BR\",\"@id\":\"https:\\\/\\\/dauridiogo.com\\\/index.php\\\/sobre-mim\\\/#primaryimage\",\"url\":\"https:\\\/\\\/dauridiogo.com\\\/wp-content\\\/uploads\\\/2022\\\/04\\\/atelier.jpg\",\"contentUrl\":\"https:\\\/\\\/dauridiogo.com\\\/wp-content\\\/uploads\\\/2022\\\/04\\\/atelier.jpg\",\"width\":440,\"height\":300,\"caption\":\"Atelier Dauri Diogo\"},{\"@type\":\"BreadcrumbList\",\"@id\":\"https:\\\/\\\/dauridiogo.com\\\/index.php\\\/sobre-mim\\\/#breadcrumb\",\"itemListElement\":[{\"@type\":\"ListItem\",\"position\":1,\"name\":\"In\u00edcio\",\"item\":\"https:\\\/\\\/dauridiogo.com\\\/\"},{\"@type\":\"ListItem\",\"position\":2,\"name\":\"Sobre Mim\"}]},{\"@type\":\"WebSite\",\"@id\":\"https:\\\/\\\/dauridiogo.com\\\/#website\",\"url\":\"https:\\\/\\\/dauridiogo.com\\\/\",\"name\":\"Dauri Diogo\",\"description\":\"Pinturas e m\u00fasicas do artista pl\u00e1stico Dauri Diogo\",\"publisher\":{\"@id\":\"https:\\\/\\\/dauridiogo.com\\\/#\\\/schema\\\/person\\\/0fa33063310f8559124886f7e3c276a7\"},\"potentialAction\":[{\"@type\":\"SearchAction\",\"target\":{\"@type\":\"EntryPoint\",\"urlTemplate\":\"https:\\\/\\\/dauridiogo.com\\\/?s={search_term_string}\"},\"query-input\":{\"@type\":\"PropertyValueSpecification\",\"valueRequired\":true,\"valueName\":\"search_term_string\"}}],\"inLanguage\":\"pt-BR\"},{\"@type\":[\"Person\",\"Organization\"],\"@id\":\"https:\\\/\\\/dauridiogo.com\\\/#\\\/schema\\\/person\\\/0fa33063310f8559124886f7e3c276a7\",\"name\":\"dauridiogo\",\"image\":{\"@type\":\"ImageObject\",\"inLanguage\":\"pt-BR\",\"@id\":\"https:\\\/\\\/dauridiogo.com\\\/wp-content\\\/uploads\\\/2022\\\/03\\\/sobre_mim_dauri_diogo.jpg\",\"url\":\"https:\\\/\\\/dauridiogo.com\\\/wp-content\\\/uploads\\\/2022\\\/03\\\/sobre_mim_dauri_diogo.jpg\",\"contentUrl\":\"https:\\\/\\\/dauridiogo.com\\\/wp-content\\\/uploads\\\/2022\\\/03\\\/sobre_mim_dauri_diogo.jpg\",\"width\":800,\"height\":979,\"caption\":\"dauridiogo\"},\"logo\":{\"@id\":\"https:\\\/\\\/dauridiogo.com\\\/wp-content\\\/uploads\\\/2022\\\/03\\\/sobre_mim_dauri_diogo.jpg\"},\"description\":\"Artista pl\u00e1stico paulista radicado na Bahia. Artista apreciador da arte e boas informa\u00e7\u00f5es culturais.\",\"sameAs\":[\"https:\\\/\\\/dauridiogo.com\",\"https:\\\/\\\/facebook.com\\\/dauridiogo\",\"https:\\\/\\\/www.instagram.com\\\/dauridiogo\",\"https:\\\/\\\/www.linkedin.com\\\/in\\\/dauri-diogo-82980754\\\/\",\"https:\\\/\\\/pinterest.com\\\/dauridigo\",\"https:\\\/\\\/x.com\\\/dauridiogo\",\"https:\\\/\\\/www.youtube.com\\\/user\\\/dauridiogo\"]}]}<\/script>\n<!-- \/ Yoast SEO plugin. -->","yoast_head_json":{"title":"Sobre Mim &#8211; Dauri Diogo","description":"Site do artista pl\u00e1stico contempor\u00e2neo Dauri Diogo, artista paulista radicado em Salvador, e membro atuante da vida cultural baiana.","robots":{"index":"index","follow":"follow","max-snippet":"max-snippet:-1","max-image-preview":"max-image-preview:large","max-video-preview":"max-video-preview:-1"},"canonical":"https:\/\/dauridiogo.com\/index.php\/sobre-mim\/","og_locale":"pt_BR","og_type":"article","og_title":"Sobre Mim &#8211; Dauri Diogo","og_description":"Site do artista pl\u00e1stico contempor\u00e2neo Dauri Diogo, artista paulista radicado em Salvador, e membro atuante da vida cultural baiana.","og_url":"https:\/\/dauridiogo.com\/index.php\/sobre-mim\/","og_site_name":"Dauri Diogo","article_publisher":"https:\/\/facebook.com\/dauridiogo","article_modified_time":"2022-04-12T03:45:58+00:00","og_image":[{"url":"https:\/\/dauridiogo.com\/wp-content\/uploads\/2022\/04\/atelier.jpg","type":"","width":"","height":""}],"twitter_card":"summary_large_image","twitter_site":"@dauridiogo","twitter_misc":{"Est. tempo de leitura":"5 minutos"},"schema":{"@context":"https:\/\/schema.org","@graph":[{"@type":"WebPage","@id":"https:\/\/dauridiogo.com\/index.php\/sobre-mim\/","url":"https:\/\/dauridiogo.com\/index.php\/sobre-mim\/","name":"Sobre Mim &#8211; Dauri Diogo","isPartOf":{"@id":"https:\/\/dauridiogo.com\/#website"},"primaryImageOfPage":{"@id":"https:\/\/dauridiogo.com\/index.php\/sobre-mim\/#primaryimage"},"image":{"@id":"https:\/\/dauridiogo.com\/index.php\/sobre-mim\/#primaryimage"},"thumbnailUrl":"https:\/\/dauridiogo.com\/wp-content\/uploads\/2022\/04\/atelier.jpg","datePublished":"2017-12-13T08:37:50+00:00","dateModified":"2022-04-12T03:45:58+00:00","description":"Site do artista pl\u00e1stico contempor\u00e2neo Dauri Diogo, artista paulista radicado em Salvador, e membro atuante da vida cultural baiana.","breadcrumb":{"@id":"https:\/\/dauridiogo.com\/index.php\/sobre-mim\/#breadcrumb"},"inLanguage":"pt-BR","potentialAction":[{"@type":"ReadAction","target":["https:\/\/dauridiogo.com\/index.php\/sobre-mim\/"]}]},{"@type":"ImageObject","inLanguage":"pt-BR","@id":"https:\/\/dauridiogo.com\/index.php\/sobre-mim\/#primaryimage","url":"https:\/\/dauridiogo.com\/wp-content\/uploads\/2022\/04\/atelier.jpg","contentUrl":"https:\/\/dauridiogo.com\/wp-content\/uploads\/2022\/04\/atelier.jpg","width":440,"height":300,"caption":"Atelier Dauri Diogo"},{"@type":"BreadcrumbList","@id":"https:\/\/dauridiogo.com\/index.php\/sobre-mim\/#breadcrumb","itemListElement":[{"@type":"ListItem","position":1,"name":"In\u00edcio","item":"https:\/\/dauridiogo.com\/"},{"@type":"ListItem","position":2,"name":"Sobre Mim"}]},{"@type":"WebSite","@id":"https:\/\/dauridiogo.com\/#website","url":"https:\/\/dauridiogo.com\/","name":"Dauri Diogo","description":"Pinturas e m\u00fasicas do artista pl\u00e1stico Dauri Diogo","publisher":{"@id":"https:\/\/dauridiogo.com\/#\/schema\/person\/0fa33063310f8559124886f7e3c276a7"},"potentialAction":[{"@type":"SearchAction","target":{"@type":"EntryPoint","urlTemplate":"https:\/\/dauridiogo.com\/?s={search_term_string}"},"query-input":{"@type":"PropertyValueSpecification","valueRequired":true,"valueName":"search_term_string"}}],"inLanguage":"pt-BR"},{"@type":["Person","Organization"],"@id":"https:\/\/dauridiogo.com\/#\/schema\/person\/0fa33063310f8559124886f7e3c276a7","name":"dauridiogo","image":{"@type":"ImageObject","inLanguage":"pt-BR","@id":"https:\/\/dauridiogo.com\/wp-content\/uploads\/2022\/03\/sobre_mim_dauri_diogo.jpg","url":"https:\/\/dauridiogo.com\/wp-content\/uploads\/2022\/03\/sobre_mim_dauri_diogo.jpg","contentUrl":"https:\/\/dauridiogo.com\/wp-content\/uploads\/2022\/03\/sobre_mim_dauri_diogo.jpg","width":800,"height":979,"caption":"dauridiogo"},"logo":{"@id":"https:\/\/dauridiogo.com\/wp-content\/uploads\/2022\/03\/sobre_mim_dauri_diogo.jpg"},"description":"Artista pl\u00e1stico paulista radicado na Bahia. Artista apreciador da arte e boas informa\u00e7\u00f5es culturais.","sameAs":["https:\/\/dauridiogo.com","https:\/\/facebook.com\/dauridiogo","https:\/\/www.instagram.com\/dauridiogo","https:\/\/www.linkedin.com\/in\/dauri-diogo-82980754\/","https:\/\/pinterest.com\/dauridigo","https:\/\/x.com\/dauridiogo","https:\/\/www.youtube.com\/user\/dauridiogo"]}]}},"_links":{"self":[{"href":"https:\/\/dauridiogo.com\/index.php\/wp-json\/wp\/v2\/pages\/591","targetHints":{"allow":["GET"]}}],"collection":[{"href":"https:\/\/dauridiogo.com\/index.php\/wp-json\/wp\/v2\/pages"}],"about":[{"href":"https:\/\/dauridiogo.com\/index.php\/wp-json\/wp\/v2\/types\/page"}],"author":[{"embeddable":true,"href":"https:\/\/dauridiogo.com\/index.php\/wp-json\/wp\/v2\/users\/1"}],"replies":[{"embeddable":true,"href":"https:\/\/dauridiogo.com\/index.php\/wp-json\/wp\/v2\/comments?post=591"}],"version-history":[{"count":60,"href":"https:\/\/dauridiogo.com\/index.php\/wp-json\/wp\/v2\/pages\/591\/revisions"}],"predecessor-version":[{"id":1565,"href":"https:\/\/dauridiogo.com\/index.php\/wp-json\/wp\/v2\/pages\/591\/revisions\/1565"}],"wp:attachment":[{"href":"https:\/\/dauridiogo.com\/index.php\/wp-json\/wp\/v2\/media?parent=591"}],"curies":[{"name":"wp","href":"https:\/\/api.w.org\/{rel}","templated":true}]}}